{"id":1182,"date":"2019-02-23T16:20:47","date_gmt":"2019-02-23T16:20:47","guid":{"rendered":"http:\/\/seemer-fastnachtsgaudi.de\/?page_id=1182"},"modified":"2019-02-23T16:31:27","modified_gmt":"2019-02-23T16:31:27","slug":"impressum","status":"publish","type":"page","link":"https:\/\/seemer-fastnachtsgaudi.de\/?page_id=1182","title":{"rendered":"Impressum"},"content":{"rendered":"<div class=\"fusion-fullwidth fullwidth-box fusion-builder-row-1 nonhundred-percent-fullwidth non-hundred-percent-height-scrolling\" style=\"--awb-border-radius-top-left:0px;--awb-border-radius-top-right:0px;--awb-border-radius-bottom-right:0px;--awb-border-radius-bottom-left:0px;--awb-flex-wrap:wrap;\" ><div class=\"fusion-builder-row fusion-row\"><div class=\"fusion-layout-column fusion_builder_column fusion-builder-column-0 fusion_builder_column_1_1 1_1 fusion-one-full fusion-column-first fusion-column-last\" style=\"--awb-bg-size:cover;\"><div class=\"fusion-column-wrapper fusion-flex-column-wrapper-legacy\"><div class=\"fusion-text fusion-text-1\"><table border=\"0\" width=\"798\" cellspacing=\"0\" cellpadding=\"0\">\n<tbody>\n<tr align=\"left\" valign=\"top\">\n<td id=\"Text61\" class=\"TextObject\" colspan=\"7\" width=\"70%\">\n<p><b>SEE\u2019MER FASTNACHTSGAUDI e.V.<\/b><\/p>\n<p>Vorsitzender: Uwe Lessenich<br \/>Rheinstr. 2<br \/>64404 Bickenbach<br \/>info@seemer-fastnachtsgaudi.de<\/p>\n<p><span style=\"font-size: x-large;\"><b>Disclaimer \/ Haftung f\u00fcr Inhalte:<\/b><\/span><br \/>Die Inhalte unserer Seiten wurden mit gr\u00f6\u00dfter Sorgfalt erstellt. F\u00fcr die Richtigkeit, Vollst\u00e4ndigkeit und Aktualit\u00e4t der Inhalte k\u00f6nnen wir jedoch keine Gew\u00e4hr \u00fcbernehmen.<br \/>Als Diensteanbieter sind wir gem\u00e4\u00df \u00a7 7 Abs.1 TMG f\u00fcr eigene Inhalte auf diesen Seiten nach den allgemeinen Gesetzen verantwortlich. Nach \u00a7\u00a7 8 bis 10 TMG sind wir als Diensteanbieter jedoch nicht verpflichtet, \u00fcbermittelte oder gespeicherte fremde Informationen zu \u00fcberwachen oder nach Umst\u00e4nden zu forschen, die auf eine rechtswidrige T\u00e4tigkeit hinweisen. Verpflichtungen zur Entfernung oder Sperrung der Nutzung von Informationen nach den allgemeinen Gesetzen bleiben hiervon unber\u00fchrt. Eine diesbez\u00fcgliche Haftung ist jedoch erst ab dem Zeitpunkt der Kenntnis einer konkreten Rechtsverletzung m\u00f6glich. Bei bekannt werden von entsprechenden Rechtsverletzungen werden wir diese Inhalte umgehend entfernen.<\/p>\n<p><span style=\"font-size: x-large;\"><b>Haftung f\u00fcr Links:<\/b><\/span><br \/>Unser Angebot enth\u00e4lt Links zu externen Webseiten Dritter, auf deren Inhalte wir keinen Einfluss haben. Deshalb k\u00f6nnen wir f\u00fcr diese fremden Inhalte auch keine Gew\u00e4hr \u00fcbernehmen. F\u00fcr die Inhalte der verlinkten Seiten ist stets der jeweilige Anbieter oder Betreiber der Seiten verantwortlich. Die verlinkten Seiten wurden zum Zeitpunkt der Verlinkung auf m\u00f6gliche Rechtsverst\u00f6\u00dfe \u00fcberpr\u00fcft. Rechtswidrige Inhalte waren zum Zeitpunkt der Verlinkung nicht erkennbar. Eine permanente inhaltliche Kontrolle der verlinkten Seiten ist jedoch ohne konkrete Anhaltspunkte einer Rechtsverletzung nicht zumutbar. Bei bekannt werden von Rechtsverletzungen werden wir derartige Links umgehend entfernen.<\/p>\n<p><span style=\"font-size: x-large;\"><b>Urheberrecht:<\/b><\/span><br \/>Die durch die Seitenbetreiber erstellten Inhalte und Werke auf diesen Seiten unterliegen dem deutschen Urheberrecht. Beitr\u00e4ge Dritter sind als solche gekennzeichnet. Die Vervielf\u00e4ltigung, Bearbeitung, Verbreitung und jede Art der Verwertung au\u00dferhalb der Grenzen des Urheberrechtes bed\u00fcrfen der schriftlichen Zustimmung des jeweiligen Autors bzw. Erstellers. Downloads und Kopien dieser Seite sind nur f\u00fcr den privaten, nicht kommerziellen Gebrauch gestattet.<br \/>Die Betreiber der Seiten sind bem\u00fcht, stets die Urheberrechte anderer zu beachten bzw. auf selbst erstellte sowie lizenzfreie Werke zur\u00fcckzugreifen.<\/p>\n<p><span style=\"font-size: x-large;\"><b>Datenschutz:<\/b><\/span><br \/>Soweit auf unseren Seiten personenbezogene Daten (beispielsweise Name, Anschrift oder eMail-Adressen) erhoben werden, erfolgt dies soweit m\u00f6glich stets auf freiwilliger Basis. Die Nutzung der Angebote und Dienste ist, soweit m\u00f6glich, stets ohne Angabe personenbezogener Daten m\u00f6glich.<br \/>Wir weisen darauf hin, dass die Daten\u00fcbertragung im Internet (z.B. bei der Kommunikation per E-Mail) Sicherheitsl\u00fccken aufweisen kann. Ein l\u00fcckenloser Schutz der Daten vor dem Zugriff durch Dritte ist nicht m\u00f6glich.<br \/>Der Nutzung von im Rahmen der Impressumspflicht ver\u00f6ffentlichten Kontaktdaten durch Dritte zur \u00dcbersendung von nicht ausdr\u00fccklich angeforderter Werbung und Informationsmaterialien wird hiermit ausdr\u00fccklich widersprochen. Die Betreiber der Seiten behalten sich ausdr\u00fccklich rechtliche Schritte im Falle der unverlangten Zusendung von Werbeinformationen, etwa durch Spam-Mails, vor.<\/p>\n<p>(Quelle:\u00a0<a href=\"http:\/\/erecht24.de\">eRecht24.de<\/a>\u00a0&#8211; Rechtsberatung von Anwalt S\u00f6ren Siebert)<\/p>\n<\/td>\n<\/tr>\n<\/tbody>\n<\/table>\n<\/div><div class=\"fusion-clearfix\"><\/div><\/div><\/div><\/div><\/div>\n","protected":false},"excerpt":{"rendered":"","protected":false},"author":1,"featured_media":0,"parent":0,"menu_order":0,"comment_status":"closed","ping_status":"closed","template":"","meta":{"_acf_changed":false,"footnotes":""},"class_list":["post-1182","page","type-page","status-publish","hentry"],"acf":[],"yoast_head":"<!-- This site is optimized with the Yoast SEO plugin v23.5 - https:\/\/yoast.com\/wordpress\/plugins\/seo\/ -->\n<title>Impressum - See&#039;mer Fastnachtsgaudi<\/title>\n<meta name=\"robots\" content=\"index, follow, max-snippet:-1, max-image-preview:large, max-video-preview:-1\" \/>\n<link rel=\"canonical\" href=\"https:\/\/seemer-fastnachtsgaudi.de\/?page_id=1182\" \/>\n<meta property=\"og:locale\" content=\"de_DE\" \/>\n<meta property=\"og:type\" content=\"article\" \/>\n<meta property=\"og:title\" content=\"Impressum - See&#039;mer Fastnachtsgaudi\" \/>\n<meta property=\"og:url\" content=\"https:\/\/seemer-fastnachtsgaudi.de\/?page_id=1182\" \/>\n<meta property=\"og:site_name\" content=\"See&#039;mer Fastnachtsgaudi\" \/>\n<meta property=\"article:modified_time\" content=\"2019-02-23T16:31:27+00:00\" \/>\n<meta name=\"twitter:card\" content=\"summary_large_image\" \/>\n<meta name=\"twitter:label1\" content=\"Gesch\u00e4tzte Lesezeit\" \/>\n\t<meta name=\"twitter:data1\" content=\"3\u00a0Minuten\" \/>\n<script type=\"application\/ld+json\" class=\"yoast-schema-graph\">{\"@context\":\"https:\/\/schema.org\",\"@graph\":[{\"@type\":\"WebPage\",\"@id\":\"https:\/\/seemer-fastnachtsgaudi.de\/?page_id=1182\",\"url\":\"https:\/\/seemer-fastnachtsgaudi.de\/?page_id=1182\",\"name\":\"Impressum - See&#039;mer Fastnachtsgaudi\",\"isPartOf\":{\"@id\":\"https:\/\/seemer-fastnachtsgaudi.de\/#website\"},\"datePublished\":\"2019-02-23T16:20:47+00:00\",\"dateModified\":\"2019-02-23T16:31:27+00:00\",\"breadcrumb\":{\"@id\":\"https:\/\/seemer-fastnachtsgaudi.de\/?page_id=1182#breadcrumb\"},\"inLanguage\":\"de\",\"potentialAction\":[{\"@type\":\"ReadAction\",\"target\":[\"https:\/\/seemer-fastnachtsgaudi.de\/?page_id=1182\"]}]},{\"@type\":\"BreadcrumbList\",\"@id\":\"https:\/\/seemer-fastnachtsgaudi.de\/?page_id=1182#breadcrumb\",\"itemListElement\":[{\"@type\":\"ListItem\",\"position\":1,\"name\":\"Startseite\",\"item\":\"https:\/\/seemer-fastnachtsgaudi.de\/\"},{\"@type\":\"ListItem\",\"position\":2,\"name\":\"Impressum\"}]},{\"@type\":\"WebSite\",\"@id\":\"https:\/\/seemer-fastnachtsgaudi.de\/#website\",\"url\":\"https:\/\/seemer-fastnachtsgaudi.de\/\",\"name\":\"See&#039;mer Fastnachtsgaudi\",\"description\":\"Fastnachtsgaudi\",\"publisher\":{\"@id\":\"https:\/\/seemer-fastnachtsgaudi.de\/#organization\"},\"potentialAction\":[{\"@type\":\"SearchAction\",\"target\":{\"@type\":\"EntryPoint\",\"urlTemplate\":\"https:\/\/seemer-fastnachtsgaudi.de\/?s={search_term_string}\"},\"query-input\":{\"@type\":\"PropertyValueSpecification\",\"valueRequired\":true,\"valueName\":\"search_term_string\"}}],\"inLanguage\":\"de\"},{\"@type\":\"Organization\",\"@id\":\"https:\/\/seemer-fastnachtsgaudi.de\/#organization\",\"name\":\"Seemer Fastnachtsgaudi\",\"url\":\"https:\/\/seemer-fastnachtsgaudi.de\/\",\"logo\":{\"@type\":\"ImageObject\",\"inLanguage\":\"de\",\"@id\":\"https:\/\/seemer-fastnachtsgaudi.de\/#\/schema\/logo\/image\/\",\"url\":\"https:\/\/seemer-fastnachtsgaudi.de\/wp-content\/uploads\/2019\/02\/sfg-logo1.gif\",\"contentUrl\":\"https:\/\/seemer-fastnachtsgaudi.de\/wp-content\/uploads\/2019\/02\/sfg-logo1.gif\",\"width\":170,\"height\":170,\"caption\":\"Seemer Fastnachtsgaudi\"},\"image\":{\"@id\":\"https:\/\/seemer-fastnachtsgaudi.de\/#\/schema\/logo\/image\/\"}}]}<\/script>\n<!-- \/ Yoast SEO plugin. -->","yoast_head_json":{"title":"Impressum - See&#039;mer Fastnachtsgaudi","robots":{"index":"index","follow":"follow","max-snippet":"max-snippet:-1","max-image-preview":"max-image-preview:large","max-video-preview":"max-video-preview:-1"},"canonical":"https:\/\/seemer-fastnachtsgaudi.de\/?page_id=1182","og_locale":"de_DE","og_type":"article","og_title":"Impressum - See&#039;mer Fastnachtsgaudi","og_url":"https:\/\/seemer-fastnachtsgaudi.de\/?page_id=1182","og_site_name":"See&#039;mer Fastnachtsgaudi","article_modified_time":"2019-02-23T16:31:27+00:00","twitter_card":"summary_large_image","twitter_misc":{"Gesch\u00e4tzte Lesezeit":"3\u00a0Minuten"},"schema":{"@context":"https:\/\/schema.org","@graph":[{"@type":"WebPage","@id":"https:\/\/seemer-fastnachtsgaudi.de\/?page_id=1182","url":"https:\/\/seemer-fastnachtsgaudi.de\/?page_id=1182","name":"Impressum - See&#039;mer Fastnachtsgaudi","isPartOf":{"@id":"https:\/\/seemer-fastnachtsgaudi.de\/#website"},"datePublished":"2019-02-23T16:20:47+00:00","dateModified":"2019-02-23T16:31:27+00:00","breadcrumb":{"@id":"https:\/\/seemer-fastnachtsgaudi.de\/?page_id=1182#breadcrumb"},"inLanguage":"de","potentialAction":[{"@type":"ReadAction","target":["https:\/\/seemer-fastnachtsgaudi.de\/?page_id=1182"]}]},{"@type":"BreadcrumbList","@id":"https:\/\/seemer-fastnachtsgaudi.de\/?page_id=1182#breadcrumb","itemListElement":[{"@type":"ListItem","position":1,"name":"Startseite","item":"https:\/\/seemer-fastnachtsgaudi.de\/"},{"@type":"ListItem","position":2,"name":"Impressum"}]},{"@type":"WebSite","@id":"https:\/\/seemer-fastnachtsgaudi.de\/#website","url":"https:\/\/seemer-fastnachtsgaudi.de\/","name":"See&#039;mer Fastnachtsgaudi","description":"Fastnachtsgaudi","publisher":{"@id":"https:\/\/seemer-fastnachtsgaudi.de\/#organization"},"potentialAction":[{"@type":"SearchAction","target":{"@type":"EntryPoint","urlTemplate":"https:\/\/seemer-fastnachtsgaudi.de\/?s={search_term_string}"},"query-input":{"@type":"PropertyValueSpecification","valueRequired":true,"valueName":"search_term_string"}}],"inLanguage":"de"},{"@type":"Organization","@id":"https:\/\/seemer-fastnachtsgaudi.de\/#organization","name":"Seemer Fastnachtsgaudi","url":"https:\/\/seemer-fastnachtsgaudi.de\/","logo":{"@type":"ImageObject","inLanguage":"de","@id":"https:\/\/seemer-fastnachtsgaudi.de\/#\/schema\/logo\/image\/","url":"https:\/\/seemer-fastnachtsgaudi.de\/wp-content\/uploads\/2019\/02\/sfg-logo1.gif","contentUrl":"https:\/\/seemer-fastnachtsgaudi.de\/wp-content\/uploads\/2019\/02\/sfg-logo1.gif","width":170,"height":170,"caption":"Seemer Fastnachtsgaudi"},"image":{"@id":"https:\/\/seemer-fastnachtsgaudi.de\/#\/schema\/logo\/image\/"}}]}},"_links":{"self":[{"href":"https:\/\/seemer-fastnachtsgaudi.de\/index.php?rest_route=\/wp\/v2\/pages\/1182"}],"collection":[{"href":"https:\/\/seemer-fastnachtsgaudi.de\/index.php?rest_route=\/wp\/v2\/pages"}],"about":[{"href":"https:\/\/seemer-fastnachtsgaudi.de\/index.php?rest_route=\/wp\/v2\/types\/page"}],"author":[{"embeddable":true,"href":"https:\/\/seemer-fastnachtsgaudi.de\/index.php?rest_route=\/wp\/v2\/users\/1"}],"replies":[{"embeddable":true,"href":"https:\/\/seemer-fastnachtsgaudi.de\/index.php?rest_route=%2Fwp%2Fv2%2Fcomments&post=1182"}],"version-history":[{"count":5,"href":"https:\/\/seemer-fastnachtsgaudi.de\/index.php?rest_route=\/wp\/v2\/pages\/1182\/revisions"}],"predecessor-version":[{"id":1189,"href":"https:\/\/seemer-fastnachtsgaudi.de\/index.php?rest_route=\/wp\/v2\/pages\/1182\/revisions\/1189"}],"wp:attachment":[{"href":"https:\/\/seemer-fastnachtsgaudi.de\/index.php?rest_route=%2Fwp%2Fv2%2Fmedia&parent=1182"}],"curies":[{"name":"wp","href":"https:\/\/api.w.org\/{rel}","templated":true}]}}