{"id":1184,"date":"2019-02-23T16:21:44","date_gmt":"2019-02-23T16:21:44","guid":{"rendered":"http:\/\/seemer-fastnachtsgaudi.de\/?page_id=1184"},"modified":"2019-02-23T16:41:07","modified_gmt":"2019-02-23T16:41:07","slug":"datenschutz","status":"publish","type":"page","link":"https:\/\/seemer-fastnachtsgaudi.de\/?page_id=1184","title":{"rendered":"Datenschutz"},"content":{"rendered":"<div class=\"fusion-fullwidth fullwidth-box fusion-builder-row-1 nonhundred-percent-fullwidth non-hundred-percent-height-scrolling\" style=\"--awb-border-radius-top-left:0px;--awb-border-radius-top-right:0px;--awb-border-radius-bottom-right:0px;--awb-border-radius-bottom-left:0px;--awb-flex-wrap:wrap;\" ><div class=\"fusion-builder-row fusion-row\"><div class=\"fusion-layout-column fusion_builder_column fusion-builder-column-0 fusion_builder_column_1_1 1_1 fusion-one-full fusion-column-first fusion-column-last\" style=\"--awb-bg-size:cover;\"><div class=\"fusion-column-wrapper fusion-flex-column-wrapper-legacy\"><div class=\"fusion-text fusion-text-1\"><p><span style=\"font-size: xx-large;\"><strong>Datenschutzerkl\u00e4rung<\/strong><\/span><\/p>\n<p><span style=\"font-size: x-large;\"><strong>Allgemeiner Hinweis und Pflichtinformationen<\/strong><\/span><\/p>\n<p><span style=\"font-size: x-large;\"><strong>Benennung der verantwortlichen Stelle<\/strong><\/span><\/p>\n<p>Die verantwortliche Stelle f\u00fcr die Datenverarbeitung auf dieser Website ist:<\/p>\n<p><span id=\"s3-t-firma\">SEE&#8217;MER FASTNACHTSGAUDI e.V.<\/span><br \/>\n<span id=\"s3-t-ansprechpartner\">Uwe Lessenich<\/span><br \/>\n<span id=\"s3-t-strasse\">Rheinstra\u00dfe 2<\/span><br \/>\n<span id=\"s3-t-plz\">64404<\/span> <span id=\"s3-t-ort\">Bickenbach<\/span><\/p>\n<p>Die verantwortliche Stelle entscheidet allein oder gemeinsam mit anderen \u00fcber die Zwecke und Mittel der Verarbeitung von personenbezogenen Daten (z.B. Namen, Kontaktdaten o. \u00c4.).<\/p>\n<p><span style=\"font-size: x-large;\"><strong>Widerruf Ihrer Einwilligung zur Datenverarbeitung:<\/strong><\/span><br \/>\nNur mit Ihrer ausdr\u00fccklichen Einwilligung sind einige Vorg\u00e4nge der Datenverarbeitung m\u00f6glich. Ein Widerruf Ihrer bereits erteilten Einwilligung ist jederzeit m\u00f6glich. F\u00fcr den Widerruf gen\u00fcgt eine formlose Mitteilung per E-Mail. Die Rechtm\u00e4\u00dfigkeit der bis zum Widerruf erfolgten Datenverarbeitung bleibt vom Widerruf unber\u00fchrt.<\/p>\n<p><span style=\"font-size: x-large;\"><strong>Recht auf Beschwerde bei der zust\u00e4ndigen Aufsichtsbeh\u00f6rde:<\/strong><\/span><br \/>\nAls Betroffener steht Ihnen im Falle eines datenschutzrechtlichen Versto\u00dfes ein Beschwerderecht bei der zust\u00e4ndigen Aufsichtsbeh\u00f6rde zu. Zust\u00e4ndige Aufsichtsbeh\u00f6rde bez\u00fcglich datenschutzrechtlicher Fragen ist der Landesdatenschutzbeauftragte des Bundeslandes, in dem sich der Sitz unseres Unternehmens befindet. Der folgende Link stellt eine Liste der Datenschutzbeauftragten sowie deren Kontaktdaten bereit: <a href=\"https:\/\/www.bfdi.bund.de\/DE\/Infothek\/Anschriften_Links\/anschriften_links-node.html\" target=\"_blank\" rel=\"noopener noreferrer\">https:\/\/www.bfdi.bund.de\/DE\/Infothek\/Anschriften_Links\/anschriften_links-node.html<\/a>.<\/p>\n<p><span style=\"font-size: x-large;\"><strong>Recht auf Daten\u00fcbertragbarkeit:<\/strong><\/span><br \/>\nIhnen steht das Recht zu, Daten, die wir auf Grundlage Ihrer Einwilligung oder in Erf\u00fcllung eines Vertrags automatisiert verarbeiten, an sich oder an Dritte aush\u00e4ndigen zu lassen. Die Bereitstellung erfolgt in einem maschinenlesbaren Format. Sofern Sie die direkte \u00dcbertragung der Daten an einen anderen Verantwortlichen verlangen, erfolgt dies nur, soweit es technisch machbar ist.<\/p>\n<p><span style=\"font-size: x-large;\"><strong>Recht auf Auskunft, Berichtigung, Sperrung, L\u00f6schung:<\/strong><\/span><br \/>\nSie haben jederzeit im Rahmen der geltenden gesetzlichen Bestimmungen das Recht auf unentgeltliche Auskunft \u00fcber Ihre gespeicherten personenbezogenen Daten, Herkunft der Daten, deren Empf\u00e4nger und den Zweck der Datenverarbeitung und ggf. ein Recht auf Berichtigung, Sperrung oder L\u00f6schung dieser Daten. Diesbez\u00fcglich und auch zu weiteren Fragen zum Thema personenbezogene Daten k\u00f6nnen Sie sich jederzeit \u00fcber die im Impressum aufgef\u00fchrten Kontaktm\u00f6glichkeiten an uns wenden.<\/p>\n<p><span style=\"font-size: x-large;\"><strong>SSL- bzw. TLS-Verschl\u00fcsselung:<\/strong><\/span><br \/>\nAus Sicherheitsgr\u00fcnden und zum Schutz der \u00dcbertragung vertraulicher Inhalte, die Sie an uns als Seitenbetreiber senden, nutzt unsere Website eine SSL-bzw. TLS-Verschl\u00fcsselung. Damit sind Daten, die Sie \u00fcber diese Website \u00fcbermitteln, f\u00fcr Dritte nicht mitlesbar. Sie erkennen eine verschl\u00fcsselte Verbindung an der \u201ehttps:\/\/\u201c Adresszeile Ihres Browsers und am Schloss-Symbol in der Browserzeile.<\/p>\n<p><span style=\"font-size: x-large;\"><strong>Server-Log-Dateien:<\/strong><\/span><br \/>\nIn Server-Log-Dateien erhebt und speichert der Provider der Website automatisch Informationen, die Ihr Browser automatisch an uns \u00fcbermittelt. Dies sind:<\/p>\n<ul>\n<li>Besuchte Seite auf unserer Domain<\/li>\n<li>Datum und Uhrzeit der Serveranfrage<\/li>\n<li>Browsertyp und Browserversion<\/li>\n<li>Verwendetes Betriebssystem<\/li>\n<li>Referrer URL<\/li>\n<li>Hostname des zugreifenden Rechners<\/li>\n<li>IP-Adresse<\/li>\n<\/ul>\n<p>Es findet keine Zusammenf\u00fchrung dieser Daten mit anderen Datenquellen statt. Grundlage der Datenverarbeitung bildet Art. 6 Abs. 1 lit. b DSGVO, der die Verarbeitung von Daten zur Erf\u00fcllung eines Vertrags oder vorvertraglicher Ma\u00dfnahmen gestattet.<\/p>\n<p><span style=\"font-size: x-large;\"><strong>Cookies:<\/strong><\/span><br \/>\nUnsere Website verwendet Cookies. Das sind kleine Textdateien, die Ihr Webbrowser auf Ihrem Endger\u00e4t speichert. Cookies helfen uns dabei, unser Angebot nutzerfreundlicher, effektiver und sicherer zu machen.<br \/>\nEinige Cookies sind \u201cSession-Cookies.\u201d Solche Cookies werden nach Ende Ihrer Browser-Sitzung von selbst gel\u00f6scht. Hingegen bleiben andere Cookies auf Ihrem Endger\u00e4t bestehen, bis Sie diese selbst l\u00f6schen. Solche Cookies helfen uns, Sie bei R\u00fcckkehr auf<br \/>\nunserer Website wiederzuerkennen.<br \/>\nMit einem modernen Webbrowser k\u00f6nnen Sie das Setzen von Cookies \u00fcberwachen, einschr\u00e4nken oder unterbinden. Viele Webbrowser lassen sich so konfigurieren, dass Cookies mit dem Schlie\u00dfen des Programms von selbst gel\u00f6scht werden. Die Deaktivierung von Cookies<br \/>\nkann eine eingeschr\u00e4nkte Funktionalit\u00e4t unserer Website zur Folge haben.<br \/>\nDas Setzen von Cookies, die zur Aus\u00fcbung elektronischer Kommunikationsvorg\u00e4nge oder der Bereitstellung bestimmter, von Ihnen erw\u00fcnschter Funktionen (z.B. Warenkorb) notwendig sind, erfolgt auf Grundlage von Art. 6 Abs. 1 lit. f DSGVO. Als Betreiber dieser<br \/>\nWebsite haben wir ein berechtigtes Interesse an der Speicherung von Cookies zur technisch fehlerfreien und reibungslosen Bereitstellung unserer Dienste. Sofern die Setzung anderer Cookies (z.B. f\u00fcr Analyse-Funktionen) erfolgt, werden diese in dieser<br \/>\nDatenschutzerkl\u00e4rung separat behandelt.<\/p>\n<p><small>Quelle: Datenschutz-Konfigurator von <a href=\"http:\/\/www.mein-datenschutzbeauftragter.de\" target=\"_blank\" rel=\"noopener noreferrer\">mein-datenschutzbeauftragter.de<\/a><\/small><\/p>\n<\/div><div class=\"fusion-clearfix\"><\/div><\/div><\/div><\/div><\/div>\n","protected":false},"excerpt":{"rendered":"","protected":false},"author":1,"featured_media":0,"parent":0,"menu_order":0,"comment_status":"closed","ping_status":"closed","template":"","meta":{"_acf_changed":false,"footnotes":""},"class_list":["post-1184","page","type-page","status-publish","hentry"],"acf":[],"yoast_head":"<!-- This site is optimized with the Yoast SEO plugin v23.5 - https:\/\/yoast.com\/wordpress\/plugins\/seo\/ -->\n<title>Datenschutz - See&#039;mer Fastnachtsgaudi<\/title>\n<meta name=\"robots\" content=\"index, follow, max-snippet:-1, max-image-preview:large, max-video-preview:-1\" \/>\n<link rel=\"canonical\" href=\"https:\/\/seemer-fastnachtsgaudi.de\/?page_id=1184\" \/>\n<meta property=\"og:locale\" content=\"de_DE\" \/>\n<meta property=\"og:type\" content=\"article\" \/>\n<meta property=\"og:title\" content=\"Datenschutz - See&#039;mer Fastnachtsgaudi\" \/>\n<meta property=\"og:url\" content=\"https:\/\/seemer-fastnachtsgaudi.de\/?page_id=1184\" \/>\n<meta property=\"og:site_name\" content=\"See&#039;mer Fastnachtsgaudi\" \/>\n<meta property=\"article:modified_time\" content=\"2019-02-23T16:41:07+00:00\" \/>\n<meta name=\"twitter:card\" content=\"summary_large_image\" \/>\n<meta name=\"twitter:label1\" content=\"Gesch\u00e4tzte Lesezeit\" \/>\n\t<meta name=\"twitter:data1\" content=\"4\u00a0Minuten\" \/>\n<script type=\"application\/ld+json\" class=\"yoast-schema-graph\">{\"@context\":\"https:\/\/schema.org\",\"@graph\":[{\"@type\":\"WebPage\",\"@id\":\"https:\/\/seemer-fastnachtsgaudi.de\/?page_id=1184\",\"url\":\"https:\/\/seemer-fastnachtsgaudi.de\/?page_id=1184\",\"name\":\"Datenschutz - See&#039;mer Fastnachtsgaudi\",\"isPartOf\":{\"@id\":\"https:\/\/seemer-fastnachtsgaudi.de\/#website\"},\"datePublished\":\"2019-02-23T16:21:44+00:00\",\"dateModified\":\"2019-02-23T16:41:07+00:00\",\"breadcrumb\":{\"@id\":\"https:\/\/seemer-fastnachtsgaudi.de\/?page_id=1184#breadcrumb\"},\"inLanguage\":\"de\",\"potentialAction\":[{\"@type\":\"ReadAction\",\"target\":[\"https:\/\/seemer-fastnachtsgaudi.de\/?page_id=1184\"]}]},{\"@type\":\"BreadcrumbList\",\"@id\":\"https:\/\/seemer-fastnachtsgaudi.de\/?page_id=1184#breadcrumb\",\"itemListElement\":[{\"@type\":\"ListItem\",\"position\":1,\"name\":\"Startseite\",\"item\":\"https:\/\/seemer-fastnachtsgaudi.de\/\"},{\"@type\":\"ListItem\",\"position\":2,\"name\":\"Datenschutz\"}]},{\"@type\":\"WebSite\",\"@id\":\"https:\/\/seemer-fastnachtsgaudi.de\/#website\",\"url\":\"https:\/\/seemer-fastnachtsgaudi.de\/\",\"name\":\"See&#039;mer Fastnachtsgaudi\",\"description\":\"Fastnachtsgaudi\",\"publisher\":{\"@id\":\"https:\/\/seemer-fastnachtsgaudi.de\/#organization\"},\"potentialAction\":[{\"@type\":\"SearchAction\",\"target\":{\"@type\":\"EntryPoint\",\"urlTemplate\":\"https:\/\/seemer-fastnachtsgaudi.de\/?s={search_term_string}\"},\"query-input\":{\"@type\":\"PropertyValueSpecification\",\"valueRequired\":true,\"valueName\":\"search_term_string\"}}],\"inLanguage\":\"de\"},{\"@type\":\"Organization\",\"@id\":\"https:\/\/seemer-fastnachtsgaudi.de\/#organization\",\"name\":\"Seemer Fastnachtsgaudi\",\"url\":\"https:\/\/seemer-fastnachtsgaudi.de\/\",\"logo\":{\"@type\":\"ImageObject\",\"inLanguage\":\"de\",\"@id\":\"https:\/\/seemer-fastnachtsgaudi.de\/#\/schema\/logo\/image\/\",\"url\":\"https:\/\/seemer-fastnachtsgaudi.de\/wp-content\/uploads\/2019\/02\/sfg-logo1.gif\",\"contentUrl\":\"https:\/\/seemer-fastnachtsgaudi.de\/wp-content\/uploads\/2019\/02\/sfg-logo1.gif\",\"width\":170,\"height\":170,\"caption\":\"Seemer Fastnachtsgaudi\"},\"image\":{\"@id\":\"https:\/\/seemer-fastnachtsgaudi.de\/#\/schema\/logo\/image\/\"}}]}<\/script>\n<!-- \/ Yoast SEO plugin. -->","yoast_head_json":{"title":"Datenschutz - See&#039;mer Fastnachtsgaudi","robots":{"index":"index","follow":"follow","max-snippet":"max-snippet:-1","max-image-preview":"max-image-preview:large","max-video-preview":"max-video-preview:-1"},"canonical":"https:\/\/seemer-fastnachtsgaudi.de\/?page_id=1184","og_locale":"de_DE","og_type":"article","og_title":"Datenschutz - See&#039;mer Fastnachtsgaudi","og_url":"https:\/\/seemer-fastnachtsgaudi.de\/?page_id=1184","og_site_name":"See&#039;mer Fastnachtsgaudi","article_modified_time":"2019-02-23T16:41:07+00:00","twitter_card":"summary_large_image","twitter_misc":{"Gesch\u00e4tzte Lesezeit":"4\u00a0Minuten"},"schema":{"@context":"https:\/\/schema.org","@graph":[{"@type":"WebPage","@id":"https:\/\/seemer-fastnachtsgaudi.de\/?page_id=1184","url":"https:\/\/seemer-fastnachtsgaudi.de\/?page_id=1184","name":"Datenschutz - See&#039;mer Fastnachtsgaudi","isPartOf":{"@id":"https:\/\/seemer-fastnachtsgaudi.de\/#website"},"datePublished":"2019-02-23T16:21:44+00:00","dateModified":"2019-02-23T16:41:07+00:00","breadcrumb":{"@id":"https:\/\/seemer-fastnachtsgaudi.de\/?page_id=1184#breadcrumb"},"inLanguage":"de","potentialAction":[{"@type":"ReadAction","target":["https:\/\/seemer-fastnachtsgaudi.de\/?page_id=1184"]}]},{"@type":"BreadcrumbList","@id":"https:\/\/seemer-fastnachtsgaudi.de\/?page_id=1184#breadcrumb","itemListElement":[{"@type":"ListItem","position":1,"name":"Startseite","item":"https:\/\/seemer-fastnachtsgaudi.de\/"},{"@type":"ListItem","position":2,"name":"Datenschutz"}]},{"@type":"WebSite","@id":"https:\/\/seemer-fastnachtsgaudi.de\/#website","url":"https:\/\/seemer-fastnachtsgaudi.de\/","name":"See&#039;mer Fastnachtsgaudi","description":"Fastnachtsgaudi","publisher":{"@id":"https:\/\/seemer-fastnachtsgaudi.de\/#organization"},"potentialAction":[{"@type":"SearchAction","target":{"@type":"EntryPoint","urlTemplate":"https:\/\/seemer-fastnachtsgaudi.de\/?s={search_term_string}"},"query-input":{"@type":"PropertyValueSpecification","valueRequired":true,"valueName":"search_term_string"}}],"inLanguage":"de"},{"@type":"Organization","@id":"https:\/\/seemer-fastnachtsgaudi.de\/#organization","name":"Seemer Fastnachtsgaudi","url":"https:\/\/seemer-fastnachtsgaudi.de\/","logo":{"@type":"ImageObject","inLanguage":"de","@id":"https:\/\/seemer-fastnachtsgaudi.de\/#\/schema\/logo\/image\/","url":"https:\/\/seemer-fastnachtsgaudi.de\/wp-content\/uploads\/2019\/02\/sfg-logo1.gif","contentUrl":"https:\/\/seemer-fastnachtsgaudi.de\/wp-content\/uploads\/2019\/02\/sfg-logo1.gif","width":170,"height":170,"caption":"Seemer Fastnachtsgaudi"},"image":{"@id":"https:\/\/seemer-fastnachtsgaudi.de\/#\/schema\/logo\/image\/"}}]}},"_links":{"self":[{"href":"https:\/\/seemer-fastnachtsgaudi.de\/index.php?rest_route=\/wp\/v2\/pages\/1184"}],"collection":[{"href":"https:\/\/seemer-fastnachtsgaudi.de\/index.php?rest_route=\/wp\/v2\/pages"}],"about":[{"href":"https:\/\/seemer-fastnachtsgaudi.de\/index.php?rest_route=\/wp\/v2\/types\/page"}],"author":[{"embeddable":true,"href":"https:\/\/seemer-fastnachtsgaudi.de\/index.php?rest_route=\/wp\/v2\/users\/1"}],"replies":[{"embeddable":true,"href":"https:\/\/seemer-fastnachtsgaudi.de\/index.php?rest_route=%2Fwp%2Fv2%2Fcomments&post=1184"}],"version-history":[{"count":3,"href":"https:\/\/seemer-fastnachtsgaudi.de\/index.php?rest_route=\/wp\/v2\/pages\/1184\/revisions"}],"predecessor-version":[{"id":1191,"href":"https:\/\/seemer-fastnachtsgaudi.de\/index.php?rest_route=\/wp\/v2\/pages\/1184\/revisions\/1191"}],"wp:attachment":[{"href":"https:\/\/seemer-fastnachtsgaudi.de\/index.php?rest_route=%2Fwp%2Fv2%2Fmedia&parent=1184"}],"curies":[{"name":"wp","href":"https:\/\/api.w.org\/{rel}","templated":true}]}}