{"id":1817,"date":"2023-08-20T07:17:42","date_gmt":"2023-08-20T07:17:42","guid":{"rendered":"https:\/\/seemer-fastnachtsgaudi.de\/?page_id=1817"},"modified":"2023-08-20T07:17:42","modified_gmt":"2023-08-20T07:17:42","slug":"kerb-2023","status":"publish","type":"page","link":"https:\/\/seemer-fastnachtsgaudi.de\/?page_id=1817","title":{"rendered":"Kerb 2023"},"content":{"rendered":"<div class=\"fusion-fullwidth fullwidth-box fusion-builder-row-1 fusion-flex-container nonhundred-percent-fullwidth non-hundred-percent-height-scrolling\" style=\"--awb-border-radius-top-left:0px;--awb-border-radius-top-right:0px;--awb-border-radius-bottom-right:0px;--awb-border-radius-bottom-left:0px;--awb-flex-wrap:wrap;\" ><div class=\"fusion-builder-row fusion-row fusion-flex-align-items-flex-start fusion-flex-content-wrap\" style=\"max-width:1216.8px;margin-left: calc(-4% \/ 2 );margin-right: calc(-4% \/ 2 );\"><div class=\"fusion-layout-column fusion_builder_column fusion-builder-column-0 fusion_builder_column_1_1 1_1 fusion-flex-column\" style=\"--awb-bg-size:cover;--awb-width-large:100%;--awb-margin-top-large:0px;--awb-spacing-right-large:1.92%;--awb-margin-bottom-large:20px;--awb-spacing-left-large:1.92%;--awb-width-medium:100%;--awb-order-medium:0;--awb-spacing-right-medium:1.92%;--awb-spacing-left-medium:1.92%;--awb-width-small:100%;--awb-order-small:0;--awb-spacing-right-small:1.92%;--awb-spacing-left-small:1.92%;\"><div class=\"fusion-column-wrapper fusion-column-has-shadow fusion-flex-justify-content-flex-start fusion-content-layout-column\"><style type='text\/css'>.reading-box-container-1 .element-bottomshadow:before,.reading-box-container-1 .element-bottomshadow:after{opacity:0.7;}<\/style><div class=\"fusion-reading-box-container reading-box-container-1\" style=\"--awb-title-color:#ffffff;--awb-margin-top:0px;--awb-margin-bottom:84px;\"><div class=\"reading-box reading-box-center element-bottomshadow\" style=\"background-color:#3e3e3e;border-width:1px;border-color:#ff8a00;border-left-width:3px;border-left-color:var(--primary_color);border-style:solid;\"><h2>Kerbbericht 2023<\/h2><div class=\"reading-box-description fusion-reading-box-additional\">Kerb-Stand vom 11. \u2013 13.8.2023<\/div><div class=\"reading-box-additional\">\n<p>Das erste Mal mit einem Stand waren wir in diesem Jahr bei der See\u2018mer Kerb vertreten.<\/p>\n<p>Gemeinsam mit dem TV Seeheim haben wir unseren Verkaufsstand auf dem Platz hinter dem alten Rathaus betrieben.<\/p>\n<p>3 Tage lang gab es selbstgemachten Spie\u00dfbraten mit oder ohne Zwiebeln, sowie Kartoffelpuffer mit Kr\u00e4uterquark als vegetarische oder mit Apfelmus als vegane Alternative.<\/p>\n<p>In neun Schichten haben ehrenamtliche Helferinnen und Helfer aus beiden Vereinen gemeinsam gearbeitet, verkauft, gebacken und sich weiter vernetzt.<\/p>\n<p>Der Vorstand der beiden Vereine, sowie weitere ehrenamtliche Mitglieder haben am Freitagvormittag den Aufbau und am Montagmorgen den Abbau gemeinsam durchgef\u00fchrt.<\/p>\n<p>Auch im Vorfeld konnten wir die gute Zusammenarbeit bei den gemeinsamen Planungen und Vorbereitungen sp\u00fcren und haben gegenseitig von den Ausstattungen des jeweilig anderen Vereins profitiert.<\/p>\n<p>Am Kerb-Sonntag sind wir auch wieder beim Kerwe Umzug mitgelaufen. Knapp 30 Vereinsmitglieder kamen verkleidet und geschminkt zum Umzugsort und verteilten S\u00fc\u00dfigkeiten und Bonbons an die Zuschauerinnen und Zuschauer.<\/p>\n<p>Die Teilnahme am Kerwe-Umzug ist eines der kleinen Highlights unseres Vereinsjahres.<\/p>\n<p>Nun ist die Kerb zu Ende und wir freuen uns schon auf das n\u00e4chste Jahr.<\/p>\n<p>F\u00fcr uns gehen nun die Planungen und die Organisation unserer eigenen Veranstaltungen weiter.<\/p>\n<p>Am 11.11.2023 laden wir nach Malchen in die B\u00fcrgerhalle ein.<\/p>\n<p>Zwischen 14:30 Uhr und 17:00 Uhr findet der Kinderfasching mit einem Animationsprogramm statt und ab 20:00 Uhr \u00f6ffnen sich die T\u00fcren f\u00fcr unsere G\u00e4ste ab 18 Jahren zu unserem Fastnachts-Auftakt. Verkleidung ist Willkommen, aber kein Muss.<\/p>\n<p>Eure SFG<\/p>\n<\/div><div class=\"fusion-clearfix\"><\/div><\/div><\/div><div class=\"awb-gallery-wrapper awb-gallery-wrapper-1 button-span-no\"><div style=\"margin:-5px;--awb-bordersize:0px;\" class=\"fusion-gallery fusion-gallery-container fusion-grid-3 fusion-columns-total-14 fusion-gallery-layout-grid fusion-gallery-1\"><div style=\"padding:5px;\" class=\"fusion-grid-column fusion-gallery-column fusion-gallery-column-3 hover-type-none\"><div class=\"fusion-gallery-image\"><a href=\"https:\/\/seemer-fastnachtsgaudi.de\/wp-content\/uploads\/2023\/08\/Kerb-2023-08-13_01.jpeg\" rel=\"noreferrer\" data-rel=\"iLightbox[gallery_image_1]\" class=\"fusion-lightbox\" target=\"_self\"><img decoding=\"async\" src=\"https:\/\/seemer-fastnachtsgaudi.de\/wp-content\/uploads\/2023\/08\/Kerb-2023-08-13_01.jpeg\" width=\"700\" height=\"426\" alt=\"\" title=\"Kerb-2023-08-13_01\" aria-label=\"Kerb-2023-08-13_01\" class=\"img-responsive wp-image-1818\" srcset=\"https:\/\/seemer-fastnachtsgaudi.de\/wp-content\/uploads\/2023\/08\/Kerb-2023-08-13_01-200x122.jpeg 200w, https:\/\/seemer-fastnachtsgaudi.de\/wp-content\/uploads\/2023\/08\/Kerb-2023-08-13_01-400x243.jpeg 400w, https:\/\/seemer-fastnachtsgaudi.de\/wp-content\/uploads\/2023\/08\/Kerb-2023-08-13_01-600x365.jpeg 600w, https:\/\/seemer-fastnachtsgaudi.de\/wp-content\/uploads\/2023\/08\/Kerb-2023-08-13_01.jpeg 700w\" sizes=\"(min-width: 2200px) 100vw, (min-width: 1144px) 387px, (min-width: 1052px) 580px, (min-width: 960px) 1052px, \" \/><\/a><\/div><\/div><div style=\"padding:5px;\" class=\"fusion-grid-column fusion-gallery-column fusion-gallery-column-3 hover-type-none\"><div class=\"fusion-gallery-image\"><a href=\"https:\/\/seemer-fastnachtsgaudi.de\/wp-content\/uploads\/2023\/08\/Kerb-2023-08-13_02.jpeg\" rel=\"noreferrer\" data-rel=\"iLightbox[gallery_image_1]\" class=\"fusion-lightbox\" target=\"_self\"><img decoding=\"async\" src=\"https:\/\/seemer-fastnachtsgaudi.de\/wp-content\/uploads\/2023\/08\/Kerb-2023-08-13_02.jpeg\" width=\"700\" height=\"525\" alt=\"\" title=\"Kerb-2023-08-13_02\" aria-label=\"Kerb-2023-08-13_02\" class=\"img-responsive wp-image-1819\" srcset=\"https:\/\/seemer-fastnachtsgaudi.de\/wp-content\/uploads\/2023\/08\/Kerb-2023-08-13_02-200x150.jpeg 200w, https:\/\/seemer-fastnachtsgaudi.de\/wp-content\/uploads\/2023\/08\/Kerb-2023-08-13_02-400x300.jpeg 400w, https:\/\/seemer-fastnachtsgaudi.de\/wp-content\/uploads\/2023\/08\/Kerb-2023-08-13_02-600x450.jpeg 600w, https:\/\/seemer-fastnachtsgaudi.de\/wp-content\/uploads\/2023\/08\/Kerb-2023-08-13_02.jpeg 700w\" sizes=\"(min-width: 2200px) 100vw, (min-width: 1144px) 387px, (min-width: 1052px) 580px, (min-width: 960px) 1052px, \" \/><\/a><\/div><\/div><div style=\"padding:5px;\" class=\"fusion-grid-column fusion-gallery-column fusion-gallery-column-3 hover-type-none\"><div class=\"fusion-gallery-image\"><a href=\"https:\/\/seemer-fastnachtsgaudi.de\/wp-content\/uploads\/2023\/08\/Kerb-2023-08-13_03.jpeg\" rel=\"noreferrer\" data-rel=\"iLightbox[gallery_image_1]\" class=\"fusion-lightbox\" target=\"_self\"><img decoding=\"async\" src=\"https:\/\/seemer-fastnachtsgaudi.de\/wp-content\/uploads\/2023\/08\/Kerb-2023-08-13_03.jpeg\" width=\"700\" height=\"525\" alt=\"\" title=\"Kerb-2023-08-13_03\" aria-label=\"Kerb-2023-08-13_03\" class=\"img-responsive wp-image-1820\" srcset=\"https:\/\/seemer-fastnachtsgaudi.de\/wp-content\/uploads\/2023\/08\/Kerb-2023-08-13_03-200x150.jpeg 200w, https:\/\/seemer-fastnachtsgaudi.de\/wp-content\/uploads\/2023\/08\/Kerb-2023-08-13_03-400x300.jpeg 400w, https:\/\/seemer-fastnachtsgaudi.de\/wp-content\/uploads\/2023\/08\/Kerb-2023-08-13_03-600x450.jpeg 600w, https:\/\/seemer-fastnachtsgaudi.de\/wp-content\/uploads\/2023\/08\/Kerb-2023-08-13_03.jpeg 700w\" sizes=\"(min-width: 2200px) 100vw, (min-width: 1144px) 387px, (min-width: 1052px) 580px, (min-width: 960px) 1052px, \" \/><\/a><\/div><\/div><div class=\"clearfix\"><\/div><div style=\"padding:5px;\" class=\"fusion-grid-column fusion-gallery-column fusion-gallery-column-3 hover-type-none\"><div class=\"fusion-gallery-image\"><a href=\"https:\/\/seemer-fastnachtsgaudi.de\/wp-content\/uploads\/2023\/08\/Kerb-2023-08-13_04.jpeg\" rel=\"noreferrer\" data-rel=\"iLightbox[gallery_image_1]\" class=\"fusion-lightbox\" target=\"_self\"><img decoding=\"async\" src=\"https:\/\/seemer-fastnachtsgaudi.de\/wp-content\/uploads\/2023\/08\/Kerb-2023-08-13_04.jpeg\" width=\"700\" height=\"525\" alt=\"\" title=\"Kerb-2023-08-13_04\" aria-label=\"Kerb-2023-08-13_04\" class=\"img-responsive wp-image-1821\" srcset=\"https:\/\/seemer-fastnachtsgaudi.de\/wp-content\/uploads\/2023\/08\/Kerb-2023-08-13_04-200x150.jpeg 200w, https:\/\/seemer-fastnachtsgaudi.de\/wp-content\/uploads\/2023\/08\/Kerb-2023-08-13_04-400x300.jpeg 400w, https:\/\/seemer-fastnachtsgaudi.de\/wp-content\/uploads\/2023\/08\/Kerb-2023-08-13_04-600x450.jpeg 600w, https:\/\/seemer-fastnachtsgaudi.de\/wp-content\/uploads\/2023\/08\/Kerb-2023-08-13_04.jpeg 700w\" sizes=\"(min-width: 2200px) 100vw, (min-width: 1144px) 387px, (min-width: 1052px) 580px, (min-width: 960px) 1052px, \" \/><\/a><\/div><\/div><div style=\"padding:5px;\" class=\"fusion-grid-column fusion-gallery-column fusion-gallery-column-3 hover-type-none\"><div class=\"fusion-gallery-image\"><a href=\"https:\/\/seemer-fastnachtsgaudi.de\/wp-content\/uploads\/2023\/08\/Kerb-2023-08-13_05.jpeg\" rel=\"noreferrer\" data-rel=\"iLightbox[gallery_image_1]\" class=\"fusion-lightbox\" target=\"_self\"><img decoding=\"async\" src=\"https:\/\/seemer-fastnachtsgaudi.de\/wp-content\/uploads\/2023\/08\/Kerb-2023-08-13_05.jpeg\" width=\"525\" height=\"700\" alt=\"\" title=\"Kerb-2023-08-13_05\" aria-label=\"Kerb-2023-08-13_05\" class=\"img-responsive wp-image-1822\" srcset=\"https:\/\/seemer-fastnachtsgaudi.de\/wp-content\/uploads\/2023\/08\/Kerb-2023-08-13_05-200x267.jpeg 200w, https:\/\/seemer-fastnachtsgaudi.de\/wp-content\/uploads\/2023\/08\/Kerb-2023-08-13_05-400x533.jpeg 400w, https:\/\/seemer-fastnachtsgaudi.de\/wp-content\/uploads\/2023\/08\/Kerb-2023-08-13_05.jpeg 525w\" sizes=\"(min-width: 2200px) 100vw, (min-width: 1144px) 387px, (min-width: 1052px) 580px, (min-width: 960px) 1052px, \" \/><\/a><\/div><\/div><div style=\"padding:5px;\" class=\"fusion-grid-column fusion-gallery-column fusion-gallery-column-3 hover-type-none\"><div class=\"fusion-gallery-image\"><a href=\"https:\/\/seemer-fastnachtsgaudi.de\/wp-content\/uploads\/2023\/08\/Kerb-2023-08-13_06.jpeg\" rel=\"noreferrer\" data-rel=\"iLightbox[gallery_image_1]\" class=\"fusion-lightbox\" target=\"_self\"><img decoding=\"async\" src=\"https:\/\/seemer-fastnachtsgaudi.de\/wp-content\/uploads\/2023\/08\/Kerb-2023-08-13_06.jpeg\" width=\"525\" height=\"700\" alt=\"\" title=\"Kerb-2023-08-13_06\" aria-label=\"Kerb-2023-08-13_06\" class=\"img-responsive wp-image-1823\" srcset=\"https:\/\/seemer-fastnachtsgaudi.de\/wp-content\/uploads\/2023\/08\/Kerb-2023-08-13_06-200x267.jpeg 200w, https:\/\/seemer-fastnachtsgaudi.de\/wp-content\/uploads\/2023\/08\/Kerb-2023-08-13_06-400x533.jpeg 400w, https:\/\/seemer-fastnachtsgaudi.de\/wp-content\/uploads\/2023\/08\/Kerb-2023-08-13_06.jpeg 525w\" sizes=\"(min-width: 2200px) 100vw, (min-width: 1144px) 387px, (min-width: 1052px) 580px, (min-width: 960px) 1052px, \" \/><\/a><\/div><\/div><div class=\"clearfix\"><\/div><div style=\"padding:5px;\" class=\"fusion-grid-column fusion-gallery-column fusion-gallery-column-3 hover-type-none\"><div class=\"fusion-gallery-image\"><a href=\"https:\/\/seemer-fastnachtsgaudi.de\/wp-content\/uploads\/2023\/08\/Kerb-2023-08-13_07.jpeg\" rel=\"noreferrer\" data-rel=\"iLightbox[gallery_image_1]\" class=\"fusion-lightbox\" target=\"_self\"><img decoding=\"async\" src=\"https:\/\/seemer-fastnachtsgaudi.de\/wp-content\/uploads\/2023\/08\/Kerb-2023-08-13_07.jpeg\" width=\"700\" height=\"525\" alt=\"\" title=\"Kerb-2023-08-13_07\" aria-label=\"Kerb-2023-08-13_07\" class=\"img-responsive wp-image-1824\" srcset=\"https:\/\/seemer-fastnachtsgaudi.de\/wp-content\/uploads\/2023\/08\/Kerb-2023-08-13_07-200x150.jpeg 200w, https:\/\/seemer-fastnachtsgaudi.de\/wp-content\/uploads\/2023\/08\/Kerb-2023-08-13_07-400x300.jpeg 400w, https:\/\/seemer-fastnachtsgaudi.de\/wp-content\/uploads\/2023\/08\/Kerb-2023-08-13_07-600x450.jpeg 600w, https:\/\/seemer-fastnachtsgaudi.de\/wp-content\/uploads\/2023\/08\/Kerb-2023-08-13_07.jpeg 700w\" sizes=\"(min-width: 2200px) 100vw, (min-width: 1144px) 387px, (min-width: 1052px) 580px, (min-width: 960px) 1052px, \" \/><\/a><\/div><\/div><div style=\"padding:5px;\" class=\"fusion-grid-column fusion-gallery-column fusion-gallery-column-3 hover-type-none\"><div class=\"fusion-gallery-image\"><a href=\"https:\/\/seemer-fastnachtsgaudi.de\/wp-content\/uploads\/2023\/08\/Kerb-2023-08-13_08.jpeg\" rel=\"noreferrer\" data-rel=\"iLightbox[gallery_image_1]\" class=\"fusion-lightbox\" target=\"_self\"><img decoding=\"async\" src=\"https:\/\/seemer-fastnachtsgaudi.de\/wp-content\/uploads\/2023\/08\/Kerb-2023-08-13_08.jpeg\" width=\"525\" height=\"700\" alt=\"\" title=\"Kerb-2023-08-13_08\" aria-label=\"Kerb-2023-08-13_08\" class=\"img-responsive wp-image-1825\" srcset=\"https:\/\/seemer-fastnachtsgaudi.de\/wp-content\/uploads\/2023\/08\/Kerb-2023-08-13_08-200x267.jpeg 200w, https:\/\/seemer-fastnachtsgaudi.de\/wp-content\/uploads\/2023\/08\/Kerb-2023-08-13_08-400x533.jpeg 400w, https:\/\/seemer-fastnachtsgaudi.de\/wp-content\/uploads\/2023\/08\/Kerb-2023-08-13_08.jpeg 525w\" sizes=\"(min-width: 2200px) 100vw, (min-width: 1144px) 387px, (min-width: 1052px) 580px, (min-width: 960px) 1052px, \" \/><\/a><\/div><\/div><div style=\"padding:5px;\" class=\"fusion-grid-column fusion-gallery-column fusion-gallery-column-3 hover-type-none\"><div class=\"fusion-gallery-image\"><a href=\"https:\/\/seemer-fastnachtsgaudi.de\/wp-content\/uploads\/2023\/08\/Kerb-2023-08-13_09.jpeg\" rel=\"noreferrer\" data-rel=\"iLightbox[gallery_image_1]\" class=\"fusion-lightbox\" target=\"_self\"><img decoding=\"async\" src=\"https:\/\/seemer-fastnachtsgaudi.de\/wp-content\/uploads\/2023\/08\/Kerb-2023-08-13_09.jpeg\" width=\"700\" height=\"525\" alt=\"\" title=\"Kerb-2023-08-13_09\" aria-label=\"Kerb-2023-08-13_09\" class=\"img-responsive wp-image-1826\" srcset=\"https:\/\/seemer-fastnachtsgaudi.de\/wp-content\/uploads\/2023\/08\/Kerb-2023-08-13_09-200x150.jpeg 200w, https:\/\/seemer-fastnachtsgaudi.de\/wp-content\/uploads\/2023\/08\/Kerb-2023-08-13_09-400x300.jpeg 400w, https:\/\/seemer-fastnachtsgaudi.de\/wp-content\/uploads\/2023\/08\/Kerb-2023-08-13_09-600x450.jpeg 600w, https:\/\/seemer-fastnachtsgaudi.de\/wp-content\/uploads\/2023\/08\/Kerb-2023-08-13_09.jpeg 700w\" sizes=\"(min-width: 2200px) 100vw, (min-width: 1144px) 387px, (min-width: 1052px) 580px, (min-width: 960px) 1052px, \" \/><\/a><\/div><\/div><div class=\"clearfix\"><\/div><div style=\"padding:5px;\" class=\"fusion-grid-column fusion-gallery-column fusion-gallery-column-3 hover-type-none\"><div class=\"fusion-gallery-image\"><a href=\"https:\/\/seemer-fastnachtsgaudi.de\/wp-content\/uploads\/2023\/08\/Kerb-2023-08-13_10.jpeg\" rel=\"noreferrer\" data-rel=\"iLightbox[gallery_image_1]\" class=\"fusion-lightbox\" target=\"_self\"><img decoding=\"async\" src=\"https:\/\/seemer-fastnachtsgaudi.de\/wp-content\/uploads\/2023\/08\/Kerb-2023-08-13_10.jpeg\" width=\"525\" height=\"700\" alt=\"\" title=\"Kerb-2023-08-13_10\" aria-label=\"Kerb-2023-08-13_10\" class=\"img-responsive wp-image-1827\" srcset=\"https:\/\/seemer-fastnachtsgaudi.de\/wp-content\/uploads\/2023\/08\/Kerb-2023-08-13_10-200x267.jpeg 200w, https:\/\/seemer-fastnachtsgaudi.de\/wp-content\/uploads\/2023\/08\/Kerb-2023-08-13_10-400x533.jpeg 400w, https:\/\/seemer-fastnachtsgaudi.de\/wp-content\/uploads\/2023\/08\/Kerb-2023-08-13_10.jpeg 525w\" sizes=\"(min-width: 2200px) 100vw, (min-width: 1144px) 387px, (min-width: 1052px) 580px, (min-width: 960px) 1052px, \" \/><\/a><\/div><\/div><div style=\"padding:5px;\" class=\"fusion-grid-column fusion-gallery-column fusion-gallery-column-3 hover-type-none\"><div class=\"fusion-gallery-image\"><a href=\"https:\/\/seemer-fastnachtsgaudi.de\/wp-content\/uploads\/2023\/08\/Kerb-2023-08-13_11.jpeg\" rel=\"noreferrer\" data-rel=\"iLightbox[gallery_image_1]\" class=\"fusion-lightbox\" target=\"_self\"><img decoding=\"async\" src=\"https:\/\/seemer-fastnachtsgaudi.de\/wp-content\/uploads\/2023\/08\/Kerb-2023-08-13_11.jpeg\" width=\"700\" height=\"525\" alt=\"\" title=\"Kerb-2023-08-13_11\" aria-label=\"Kerb-2023-08-13_11\" class=\"img-responsive wp-image-1828\" srcset=\"https:\/\/seemer-fastnachtsgaudi.de\/wp-content\/uploads\/2023\/08\/Kerb-2023-08-13_11-200x150.jpeg 200w, https:\/\/seemer-fastnachtsgaudi.de\/wp-content\/uploads\/2023\/08\/Kerb-2023-08-13_11-400x300.jpeg 400w, https:\/\/seemer-fastnachtsgaudi.de\/wp-content\/uploads\/2023\/08\/Kerb-2023-08-13_11-600x450.jpeg 600w, https:\/\/seemer-fastnachtsgaudi.de\/wp-content\/uploads\/2023\/08\/Kerb-2023-08-13_11.jpeg 700w\" sizes=\"(min-width: 2200px) 100vw, (min-width: 1144px) 387px, (min-width: 1052px) 580px, (min-width: 960px) 1052px, \" \/><\/a><\/div><\/div><div style=\"padding:5px;\" class=\"fusion-grid-column fusion-gallery-column fusion-gallery-column-3 hover-type-none\"><div class=\"fusion-gallery-image\"><a href=\"https:\/\/seemer-fastnachtsgaudi.de\/wp-content\/uploads\/2023\/08\/Kerb-2023-08-13_12.jpeg\" rel=\"noreferrer\" data-rel=\"iLightbox[gallery_image_1]\" class=\"fusion-lightbox\" target=\"_self\"><img decoding=\"async\" src=\"https:\/\/seemer-fastnachtsgaudi.de\/wp-content\/uploads\/2023\/08\/Kerb-2023-08-13_12.jpeg\" width=\"700\" height=\"525\" alt=\"\" title=\"Kerb-2023-08-13_12\" aria-label=\"Kerb-2023-08-13_12\" class=\"img-responsive wp-image-1829\" srcset=\"https:\/\/seemer-fastnachtsgaudi.de\/wp-content\/uploads\/2023\/08\/Kerb-2023-08-13_12-200x150.jpeg 200w, https:\/\/seemer-fastnachtsgaudi.de\/wp-content\/uploads\/2023\/08\/Kerb-2023-08-13_12-400x300.jpeg 400w, https:\/\/seemer-fastnachtsgaudi.de\/wp-content\/uploads\/2023\/08\/Kerb-2023-08-13_12-600x450.jpeg 600w, https:\/\/seemer-fastnachtsgaudi.de\/wp-content\/uploads\/2023\/08\/Kerb-2023-08-13_12.jpeg 700w\" sizes=\"(min-width: 2200px) 100vw, (min-width: 1144px) 387px, (min-width: 1052px) 580px, (min-width: 960px) 1052px, \" \/><\/a><\/div><\/div><div class=\"clearfix\"><\/div><div style=\"padding:5px;\" class=\"fusion-grid-column fusion-gallery-column fusion-gallery-column-3 hover-type-none\"><div class=\"fusion-gallery-image\"><a href=\"https:\/\/seemer-fastnachtsgaudi.de\/wp-content\/uploads\/2023\/08\/Kerb-2023-08-13_13.jpeg\" rel=\"noreferrer\" data-rel=\"iLightbox[gallery_image_1]\" class=\"fusion-lightbox\" target=\"_self\"><img decoding=\"async\" src=\"https:\/\/seemer-fastnachtsgaudi.de\/wp-content\/uploads\/2023\/08\/Kerb-2023-08-13_13.jpeg\" width=\"700\" height=\"525\" alt=\"\" title=\"Kerb-2023-08-13_13\" aria-label=\"Kerb-2023-08-13_13\" class=\"img-responsive wp-image-1830\" srcset=\"https:\/\/seemer-fastnachtsgaudi.de\/wp-content\/uploads\/2023\/08\/Kerb-2023-08-13_13-200x150.jpeg 200w, https:\/\/seemer-fastnachtsgaudi.de\/wp-content\/uploads\/2023\/08\/Kerb-2023-08-13_13-400x300.jpeg 400w, https:\/\/seemer-fastnachtsgaudi.de\/wp-content\/uploads\/2023\/08\/Kerb-2023-08-13_13-600x450.jpeg 600w, https:\/\/seemer-fastnachtsgaudi.de\/wp-content\/uploads\/2023\/08\/Kerb-2023-08-13_13.jpeg 700w\" sizes=\"(min-width: 2200px) 100vw, (min-width: 1144px) 387px, (min-width: 1052px) 580px, (min-width: 960px) 1052px, \" \/><\/a><\/div><\/div><div style=\"padding:5px;\" class=\"fusion-grid-column fusion-gallery-column fusion-gallery-column-3 hover-type-none\"><div class=\"fusion-gallery-image\"><a href=\"https:\/\/seemer-fastnachtsgaudi.de\/wp-content\/uploads\/2023\/08\/Kerb-2023-08-13_14.jpeg\" rel=\"noreferrer\" data-rel=\"iLightbox[gallery_image_1]\" class=\"fusion-lightbox\" target=\"_self\"><img decoding=\"async\" src=\"https:\/\/seemer-fastnachtsgaudi.de\/wp-content\/uploads\/2023\/08\/Kerb-2023-08-13_14.jpeg\" width=\"525\" height=\"700\" alt=\"\" title=\"Kerb-2023-08-13_14\" aria-label=\"Kerb-2023-08-13_14\" class=\"img-responsive wp-image-1831\" srcset=\"https:\/\/seemer-fastnachtsgaudi.de\/wp-content\/uploads\/2023\/08\/Kerb-2023-08-13_14-200x267.jpeg 200w, https:\/\/seemer-fastnachtsgaudi.de\/wp-content\/uploads\/2023\/08\/Kerb-2023-08-13_14-400x533.jpeg 400w, https:\/\/seemer-fastnachtsgaudi.de\/wp-content\/uploads\/2023\/08\/Kerb-2023-08-13_14.jpeg 525w\" sizes=\"(min-width: 2200px) 100vw, (min-width: 1144px) 387px, (min-width: 1052px) 580px, (min-width: 960px) 1052px, \" \/><\/a><\/div><\/div><\/div><\/div><\/div><\/div><\/div><\/div>\n","protected":false},"excerpt":{"rendered":"","protected":false},"author":1,"featured_media":0,"parent":0,"menu_order":0,"comment_status":"closed","ping_status":"closed","template":"","meta":{"_acf_changed":false,"footnotes":""},"class_list":["post-1817","page","type-page","status-publish","hentry"],"acf":[],"yoast_head":"<!-- This site is optimized with the Yoast SEO plugin v23.5 - https:\/\/yoast.com\/wordpress\/plugins\/seo\/ -->\n<title>Kerb 2023 - See&#039;mer Fastnachtsgaudi<\/title>\n<meta name=\"robots\" content=\"index, follow, max-snippet:-1, max-image-preview:large, max-video-preview:-1\" \/>\n<link rel=\"canonical\" href=\"https:\/\/seemer-fastnachtsgaudi.de\/?page_id=1817\" \/>\n<meta property=\"og:locale\" content=\"de_DE\" \/>\n<meta property=\"og:type\" content=\"article\" \/>\n<meta property=\"og:title\" content=\"Kerb 2023 - See&#039;mer Fastnachtsgaudi\" \/>\n<meta property=\"og:url\" content=\"https:\/\/seemer-fastnachtsgaudi.de\/?page_id=1817\" \/>\n<meta property=\"og:site_name\" content=\"See&#039;mer Fastnachtsgaudi\" \/>\n<meta name=\"twitter:card\" content=\"summary_large_image\" \/>\n<meta name=\"twitter:label1\" content=\"Gesch\u00e4tzte Lesezeit\" \/>\n\t<meta name=\"twitter:data1\" content=\"4\u00a0Minuten\" \/>\n<script type=\"application\/ld+json\" class=\"yoast-schema-graph\">{\"@context\":\"https:\/\/schema.org\",\"@graph\":[{\"@type\":\"WebPage\",\"@id\":\"https:\/\/seemer-fastnachtsgaudi.de\/?page_id=1817\",\"url\":\"https:\/\/seemer-fastnachtsgaudi.de\/?page_id=1817\",\"name\":\"Kerb 2023 - See&#039;mer Fastnachtsgaudi\",\"isPartOf\":{\"@id\":\"https:\/\/seemer-fastnachtsgaudi.de\/#website\"},\"datePublished\":\"2023-08-20T07:17:42+00:00\",\"dateModified\":\"2023-08-20T07:17:42+00:00\",\"breadcrumb\":{\"@id\":\"https:\/\/seemer-fastnachtsgaudi.de\/?page_id=1817#breadcrumb\"},\"inLanguage\":\"de\",\"potentialAction\":[{\"@type\":\"ReadAction\",\"target\":[\"https:\/\/seemer-fastnachtsgaudi.de\/?page_id=1817\"]}]},{\"@type\":\"BreadcrumbList\",\"@id\":\"https:\/\/seemer-fastnachtsgaudi.de\/?page_id=1817#breadcrumb\",\"itemListElement\":[{\"@type\":\"ListItem\",\"position\":1,\"name\":\"Startseite\",\"item\":\"https:\/\/seemer-fastnachtsgaudi.de\/\"},{\"@type\":\"ListItem\",\"position\":2,\"name\":\"Kerb 2023\"}]},{\"@type\":\"WebSite\",\"@id\":\"https:\/\/seemer-fastnachtsgaudi.de\/#website\",\"url\":\"https:\/\/seemer-fastnachtsgaudi.de\/\",\"name\":\"See&#039;mer Fastnachtsgaudi\",\"description\":\"Fastnachtsgaudi\",\"publisher\":{\"@id\":\"https:\/\/seemer-fastnachtsgaudi.de\/#organization\"},\"potentialAction\":[{\"@type\":\"SearchAction\",\"target\":{\"@type\":\"EntryPoint\",\"urlTemplate\":\"https:\/\/seemer-fastnachtsgaudi.de\/?s={search_term_string}\"},\"query-input\":{\"@type\":\"PropertyValueSpecification\",\"valueRequired\":true,\"valueName\":\"search_term_string\"}}],\"inLanguage\":\"de\"},{\"@type\":\"Organization\",\"@id\":\"https:\/\/seemer-fastnachtsgaudi.de\/#organization\",\"name\":\"Seemer Fastnachtsgaudi\",\"url\":\"https:\/\/seemer-fastnachtsgaudi.de\/\",\"logo\":{\"@type\":\"ImageObject\",\"inLanguage\":\"de\",\"@id\":\"https:\/\/seemer-fastnachtsgaudi.de\/#\/schema\/logo\/image\/\",\"url\":\"https:\/\/seemer-fastnachtsgaudi.de\/wp-content\/uploads\/2019\/02\/sfg-logo1.gif\",\"contentUrl\":\"https:\/\/seemer-fastnachtsgaudi.de\/wp-content\/uploads\/2019\/02\/sfg-logo1.gif\",\"width\":170,\"height\":170,\"caption\":\"Seemer Fastnachtsgaudi\"},\"image\":{\"@id\":\"https:\/\/seemer-fastnachtsgaudi.de\/#\/schema\/logo\/image\/\"}}]}<\/script>\n<!-- \/ Yoast SEO plugin. -->","yoast_head_json":{"title":"Kerb 2023 - See&#039;mer Fastnachtsgaudi","robots":{"index":"index","follow":"follow","max-snippet":"max-snippet:-1","max-image-preview":"max-image-preview:large","max-video-preview":"max-video-preview:-1"},"canonical":"https:\/\/seemer-fastnachtsgaudi.de\/?page_id=1817","og_locale":"de_DE","og_type":"article","og_title":"Kerb 2023 - See&#039;mer Fastnachtsgaudi","og_url":"https:\/\/seemer-fastnachtsgaudi.de\/?page_id=1817","og_site_name":"See&#039;mer Fastnachtsgaudi","twitter_card":"summary_large_image","twitter_misc":{"Gesch\u00e4tzte Lesezeit":"4\u00a0Minuten"},"schema":{"@context":"https:\/\/schema.org","@graph":[{"@type":"WebPage","@id":"https:\/\/seemer-fastnachtsgaudi.de\/?page_id=1817","url":"https:\/\/seemer-fastnachtsgaudi.de\/?page_id=1817","name":"Kerb 2023 - See&#039;mer Fastnachtsgaudi","isPartOf":{"@id":"https:\/\/seemer-fastnachtsgaudi.de\/#website"},"datePublished":"2023-08-20T07:17:42+00:00","dateModified":"2023-08-20T07:17:42+00:00","breadcrumb":{"@id":"https:\/\/seemer-fastnachtsgaudi.de\/?page_id=1817#breadcrumb"},"inLanguage":"de","potentialAction":[{"@type":"ReadAction","target":["https:\/\/seemer-fastnachtsgaudi.de\/?page_id=1817"]}]},{"@type":"BreadcrumbList","@id":"https:\/\/seemer-fastnachtsgaudi.de\/?page_id=1817#breadcrumb","itemListElement":[{"@type":"ListItem","position":1,"name":"Startseite","item":"https:\/\/seemer-fastnachtsgaudi.de\/"},{"@type":"ListItem","position":2,"name":"Kerb 2023"}]},{"@type":"WebSite","@id":"https:\/\/seemer-fastnachtsgaudi.de\/#website","url":"https:\/\/seemer-fastnachtsgaudi.de\/","name":"See&#039;mer Fastnachtsgaudi","description":"Fastnachtsgaudi","publisher":{"@id":"https:\/\/seemer-fastnachtsgaudi.de\/#organization"},"potentialAction":[{"@type":"SearchAction","target":{"@type":"EntryPoint","urlTemplate":"https:\/\/seemer-fastnachtsgaudi.de\/?s={search_term_string}"},"query-input":{"@type":"PropertyValueSpecification","valueRequired":true,"valueName":"search_term_string"}}],"inLanguage":"de"},{"@type":"Organization","@id":"https:\/\/seemer-fastnachtsgaudi.de\/#organization","name":"Seemer Fastnachtsgaudi","url":"https:\/\/seemer-fastnachtsgaudi.de\/","logo":{"@type":"ImageObject","inLanguage":"de","@id":"https:\/\/seemer-fastnachtsgaudi.de\/#\/schema\/logo\/image\/","url":"https:\/\/seemer-fastnachtsgaudi.de\/wp-content\/uploads\/2019\/02\/sfg-logo1.gif","contentUrl":"https:\/\/seemer-fastnachtsgaudi.de\/wp-content\/uploads\/2019\/02\/sfg-logo1.gif","width":170,"height":170,"caption":"Seemer Fastnachtsgaudi"},"image":{"@id":"https:\/\/seemer-fastnachtsgaudi.de\/#\/schema\/logo\/image\/"}}]}},"_links":{"self":[{"href":"https:\/\/seemer-fastnachtsgaudi.de\/index.php?rest_route=\/wp\/v2\/pages\/1817"}],"collection":[{"href":"https:\/\/seemer-fastnachtsgaudi.de\/index.php?rest_route=\/wp\/v2\/pages"}],"about":[{"href":"https:\/\/seemer-fastnachtsgaudi.de\/index.php?rest_route=\/wp\/v2\/types\/page"}],"author":[{"embeddable":true,"href":"https:\/\/seemer-fastnachtsgaudi.de\/index.php?rest_route=\/wp\/v2\/users\/1"}],"replies":[{"embeddable":true,"href":"https:\/\/seemer-fastnachtsgaudi.de\/index.php?rest_route=%2Fwp%2Fv2%2Fcomments&post=1817"}],"version-history":[{"count":2,"href":"https:\/\/seemer-fastnachtsgaudi.de\/index.php?rest_route=\/wp\/v2\/pages\/1817\/revisions"}],"predecessor-version":[{"id":1833,"href":"https:\/\/seemer-fastnachtsgaudi.de\/index.php?rest_route=\/wp\/v2\/pages\/1817\/revisions\/1833"}],"wp:attachment":[{"href":"https:\/\/seemer-fastnachtsgaudi.de\/index.php?rest_route=%2Fwp%2Fv2%2Fmedia&parent=1817"}],"curies":[{"name":"wp","href":"https:\/\/api.w.org\/{rel}","templated":true}]}}