{"id":2189,"date":"2024-07-19T15:31:23","date_gmt":"2024-07-19T15:31:23","guid":{"rendered":"https:\/\/seemer-fastnachtsgaudi.de\/?page_id=2189"},"modified":"2025-10-15T13:19:26","modified_gmt":"2025-10-15T13:19:26","slug":"kartenvorverkauf","status":"publish","type":"page","link":"https:\/\/seemer-fastnachtsgaudi.de\/?page_id=2189","title":{"rendered":"Kartenvorverkauf"},"content":{"rendered":"<div class=\"fusion-fullwidth fullwidth-box fusion-builder-row-1 fusion-flex-container has-pattern-background has-mask-background nonhundred-percent-fullwidth non-hundred-percent-height-scrolling\" style=\"--awb-border-radius-top-left:0px;--awb-border-radius-top-right:0px;--awb-border-radius-bottom-right:0px;--awb-border-radius-bottom-left:0px;--awb-flex-wrap:wrap;\" ><div class=\"fusion-builder-row fusion-row fusion-flex-align-items-flex-start fusion-flex-content-wrap\" style=\"max-width:1216.8px;margin-left: calc(-4% \/ 2 );margin-right: calc(-4% \/ 2 );\"><div class=\"fusion-layout-column fusion_builder_column fusion-builder-column-0 fusion_builder_column_1_1 1_1 fusion-flex-column\" style=\"--awb-bg-size:cover;--awb-width-large:100%;--awb-margin-top-large:0px;--awb-spacing-right-large:1.92%;--awb-margin-bottom-large:20px;--awb-spacing-left-large:1.92%;--awb-width-medium:100%;--awb-order-medium:0;--awb-spacing-right-medium:1.92%;--awb-spacing-left-medium:1.92%;--awb-width-small:100%;--awb-order-small:0;--awb-spacing-right-small:1.92%;--awb-spacing-left-small:1.92%;\"><div class=\"fusion-column-wrapper fusion-column-has-shadow fusion-flex-justify-content-flex-start fusion-content-layout-column\"><div class=\"fusion-title title fusion-title-1 fusion-title-text fusion-title-size-one\"><div class=\"title-sep-container title-sep-container-left fusion-no-large-visibility fusion-no-medium-visibility fusion-no-small-visibility\"><div class=\"title-sep sep- sep-solid\" style=\"border-color:#ae895d;\"><\/div><\/div><span class=\"awb-title-spacer fusion-no-large-visibility fusion-no-medium-visibility fusion-no-small-visibility\"><\/span><h1 class=\"fusion-title-heading title-heading-left fusion-responsive-typography-calculated\" style=\"margin:0;--fontSize:34;line-height:1.41;\">Kartenvorverkauf 2026<\/h1><span class=\"awb-title-spacer\"><\/span><div class=\"title-sep-container title-sep-container-right\"><div class=\"title-sep sep- sep-solid\" style=\"border-color:#ae895d;\"><\/div><\/div><\/div><div class=\"fusion-text fusion-text-1\"><p>Um mit uns gemeinsam eine tolle Fastnachtsveranstaltung 2026 zu feiern und in die Welt der Gallier, R\u00f6mer, \u00c4gypter und Briten einzutauchen, k\u00f6nnt ihr ab sofort Eure Karten bestellen, in dem ihr eine Email schreibt an <a href=\"mailto:Kartenvorverkauf@seemer-fastnachtsgaudi.de\">Kartenvorverkauf@seemer-fastnachtsgaudi.de.<\/a><\/p>\n<p>Kartenpreis 15,00\u20ac<\/p>\n<p>Damit wir Eure Bestellung schnellst- und bestm\u00f6glich bearbeiten k\u00f6nnen, ben\u00f6tigen wir von Euch die nachfolgenden Informationen.<\/p>\n<\/div>\n<div class=\"table-2\">\n<table width=\"100%\">\n<thead>\n<tr>\n<th align=\"left\">Informationen zum Kartenvorverkauf<\/th>\n<th align=\"left\"><\/th>\n<\/tr>\n<\/thead>\n<tbody>\n<tr>\n<td align=\"left\"><strong>Name<\/strong><\/td>\n<td align=\"left\"><\/td>\n<\/tr>\n<tr>\n<td align=\"left\"><strong>Vorname<\/strong><\/td>\n<td align=\"left\"><\/td>\n<\/tr>\n<tr>\n<td align=\"left\"><strong>Email-Adresse<\/strong><\/td>\n<td align=\"left\"><\/td>\n<\/tr>\n<tr>\n<td align=\"left\"><strong>Telefonnummer<\/strong><\/td>\n<td align=\"left\"><em>Bitte eine g\u00fcltige Telefonnummer f\u00fcr R\u00fcckfragen hinterlegen<\/em><\/td>\n<\/tr>\n<tr>\n<td align=\"left\"><strong>Anzahl an Karten<\/strong><\/td>\n<td align=\"left\"><\/td>\n<\/tr>\n<tr>\n<td align=\"left\">Sitzplatzwunsch*<\/td>\n<td align=\"left\"><em>Wir versuchen auf Sitzplatzw\u00fcnsche R\u00fccksicht zu nehmen, aber es gibt keine Garantie hierf\u00fcr.<\/em><\/td>\n<\/tr>\n<tr>\n<td align=\"left\"><strong>Stra\u00dfe<\/strong><\/td>\n<td align=\"left\"><em>Teststra\u00dfe 1<\/em><\/td>\n<\/tr>\n<tr>\n<td align=\"left\"><strong>PLZ, Ort<\/strong><\/td>\n<td align=\"left\"><em>64342 Seeheim-Jugenheim<\/em><\/td>\n<\/tr>\n<tr>\n<td align=\"left\">Anmerkung<\/td>\n<td align=\"left\"><em>Hier gibt es Platz f\u00fcr weitere Anmerkungen.<\/em><\/td>\n<\/tr>\n<\/tbody>\n<\/table>\n<p>* Wir versuchen auf Sitzplatzw\u00fcnsche R\u00fccksicht zu nehmen, aber es gibt keine Garantie.<\/p>\n<p>Die R\u00fcckgabe der Karten ist ausgeschlossen.<\/p>\n<p>Bitte bef\u00fclle die fettgedruckten Felder. Ohne diese Informationen k\u00f6nnen wir die Bestellung nicht verarbeiten.<\/p>\n<\/div>\n<div class=\"fusion-text fusion-text-2\"><h2>Weiterer Ablauf<\/h2>\n<ol>\n<li>Nach dem Eingang der Bestellung erhaltet ihr eine automatische Eingangsbest\u00e4tigung.<\/li>\n<li>Wir werden die Bestellung schnellstm\u00f6glich verarbeiten und anschlie\u00dfend eine Bestellbest\u00e4tigung versenden mit den Zahlungsinformationen und dem ausstehenden Betrag.<\/li>\n<li>Bitte bezahlt anschlie\u00dfend die Karten.<br \/>\nDie Bezahlung erfolgt \u00fcber <strong>Vorkasse<\/strong>.<\/li>\n<li>Sobald wir den Zahlungseingang auf unserem Konto vermerkt haben, versenden wir eine Bestellbest\u00e4tigung mit weiteren Informationen.<\/li>\n<\/ol>\n<h2>Abholung der Karten<\/h2>\n<p>Die Karten k\u00f6nnen in der B\u00fcrgerhalle Jugenheim zu folgenden Zeiten abgeholt werden. Bitte behalte deine Bestellbest\u00e4tigung bereit.<\/p>\n<ul>\n<li>Dienstag, 13.01.2026 zwischen 18:15 und 21:00 Uhr<\/li>\n<li>Mittwoch, 14.01.2026 zwischen 19:50 und 21:00 Uhr<\/li>\n<li>Dienstag, 20.01.2026\u00a0zwischen 18:15 und 21:00 Uhr<\/li>\n<li>Dienstag, 27.01.2026\u00a0zwischen 18:15 und 21:00 Uhr<\/li>\n<li>Mittwoch, 28.01.2026\u00a0zwischen 19:50 und 21:00 Uhr<\/li>\n<\/ul>\n<\/div><div class=\"fusion-text fusion-text-3\"><h2>QR-Code Informationen<\/h2>\n<p>Alternativ kann auch der folgende QR-Code gescannt werden. Der Barcode kann mit dem mobilen Endger\u00e4t gescannt und mit der Email-App ge\u00f6ffnet werden.<\/p>\n<p>Es \u00f6ffnet sich eine neue Email und die notwendigen Informationen k\u00f6nnen gef\u00fcllt werden.<\/p>\n<p><img decoding=\"async\" class=\"alignnone size-full wp-image-2312\" src=\"http:\/\/seemer-fastnachtsgaudi.de\/wp-content\/uploads\/2025\/10\/QRCodeKVV2026.jpg\" alt=\"\" width=\"271\" height=\"257\" srcset=\"https:\/\/seemer-fastnachtsgaudi.de\/wp-content\/uploads\/2025\/10\/QRCodeKVV2026-200x190.jpg 200w, https:\/\/seemer-fastnachtsgaudi.de\/wp-content\/uploads\/2025\/10\/QRCodeKVV2026.jpg 271w\" sizes=\"(max-width: 271px) 100vw, 271px\" \/><\/p>\n<\/div><div class=\"fusion-text fusion-text-4\"><h2>\u00dcbersicht des Saalplans<\/h2>\n<p>Nachfolgend findet sich der Saalplan mit den verf\u00fcgbaren Sitzpl\u00e4tzen.<\/p>\n<p>Bei den Karten handelt es sich um Tischkarten. Die Sitzpl\u00e4tze k\u00f6nnen an der Veranstaltung frei gew\u00e4hlt werden.<\/p>\n<p><img decoding=\"async\" class=\"alignnone size-full wp-image-2224\" src=\"http:\/\/seemer-fastnachtsgaudi.de\/wp-content\/uploads\/2024\/11\/Sitzplan-Blanco.jpg\" alt=\"\" width=\"425\" height=\"614\" srcset=\"https:\/\/seemer-fastnachtsgaudi.de\/wp-content\/uploads\/2024\/11\/Sitzplan-Blanco-200x289.jpg 200w, https:\/\/seemer-fastnachtsgaudi.de\/wp-content\/uploads\/2024\/11\/Sitzplan-Blanco-208x300.jpg 208w, https:\/\/seemer-fastnachtsgaudi.de\/wp-content\/uploads\/2024\/11\/Sitzplan-Blanco-400x578.jpg 400w, https:\/\/seemer-fastnachtsgaudi.de\/wp-content\/uploads\/2024\/11\/Sitzplan-Blanco.jpg 425w\" sizes=\"(max-width: 425px) 100vw, 425px\" \/><\/p>\n<\/div><\/div><\/div><\/div><\/div>\n","protected":false},"excerpt":{"rendered":"","protected":false},"author":2,"featured_media":0,"parent":0,"menu_order":0,"comment_status":"closed","ping_status":"closed","template":"","meta":{"_acf_changed":false,"footnotes":""},"class_list":["post-2189","page","type-page","status-publish","hentry"],"acf":[],"yoast_head":"<!-- This site is optimized with the Yoast SEO plugin v23.5 - https:\/\/yoast.com\/wordpress\/plugins\/seo\/ -->\n<title>Kartenvorverkauf - See&#039;mer Fastnachtsgaudi<\/title>\n<meta name=\"robots\" content=\"index, follow, max-snippet:-1, max-image-preview:large, max-video-preview:-1\" \/>\n<link rel=\"canonical\" href=\"https:\/\/seemer-fastnachtsgaudi.de\/?page_id=2189\" \/>\n<meta property=\"og:locale\" content=\"de_DE\" \/>\n<meta property=\"og:type\" content=\"article\" \/>\n<meta property=\"og:title\" content=\"Kartenvorverkauf - See&#039;mer Fastnachtsgaudi\" \/>\n<meta property=\"og:url\" content=\"https:\/\/seemer-fastnachtsgaudi.de\/?page_id=2189\" \/>\n<meta property=\"og:site_name\" content=\"See&#039;mer Fastnachtsgaudi\" \/>\n<meta property=\"article:modified_time\" content=\"2025-10-15T13:19:26+00:00\" \/>\n<meta property=\"og:image\" content=\"http:\/\/seemer-fastnachtsgaudi.de\/wp-content\/uploads\/2025\/10\/QRCodeKVV2026.jpg\" \/>\n<meta name=\"twitter:card\" content=\"summary_large_image\" \/>\n<meta name=\"twitter:label1\" content=\"Gesch\u00e4tzte Lesezeit\" \/>\n\t<meta name=\"twitter:data1\" content=\"3\u00a0Minuten\" \/>\n<script type=\"application\/ld+json\" class=\"yoast-schema-graph\">{\"@context\":\"https:\/\/schema.org\",\"@graph\":[{\"@type\":\"WebPage\",\"@id\":\"https:\/\/seemer-fastnachtsgaudi.de\/?page_id=2189\",\"url\":\"https:\/\/seemer-fastnachtsgaudi.de\/?page_id=2189\",\"name\":\"Kartenvorverkauf - See&#039;mer Fastnachtsgaudi\",\"isPartOf\":{\"@id\":\"https:\/\/seemer-fastnachtsgaudi.de\/#website\"},\"primaryImageOfPage\":{\"@id\":\"https:\/\/seemer-fastnachtsgaudi.de\/?page_id=2189#primaryimage\"},\"image\":{\"@id\":\"https:\/\/seemer-fastnachtsgaudi.de\/?page_id=2189#primaryimage\"},\"thumbnailUrl\":\"http:\/\/seemer-fastnachtsgaudi.de\/wp-content\/uploads\/2025\/10\/QRCodeKVV2026.jpg\",\"datePublished\":\"2024-07-19T15:31:23+00:00\",\"dateModified\":\"2025-10-15T13:19:26+00:00\",\"breadcrumb\":{\"@id\":\"https:\/\/seemer-fastnachtsgaudi.de\/?page_id=2189#breadcrumb\"},\"inLanguage\":\"de\",\"potentialAction\":[{\"@type\":\"ReadAction\",\"target\":[\"https:\/\/seemer-fastnachtsgaudi.de\/?page_id=2189\"]}]},{\"@type\":\"ImageObject\",\"inLanguage\":\"de\",\"@id\":\"https:\/\/seemer-fastnachtsgaudi.de\/?page_id=2189#primaryimage\",\"url\":\"https:\/\/seemer-fastnachtsgaudi.de\/wp-content\/uploads\/2025\/10\/QRCodeKVV2026.jpg\",\"contentUrl\":\"https:\/\/seemer-fastnachtsgaudi.de\/wp-content\/uploads\/2025\/10\/QRCodeKVV2026.jpg\",\"width\":271,\"height\":257},{\"@type\":\"BreadcrumbList\",\"@id\":\"https:\/\/seemer-fastnachtsgaudi.de\/?page_id=2189#breadcrumb\",\"itemListElement\":[{\"@type\":\"ListItem\",\"position\":1,\"name\":\"Startseite\",\"item\":\"https:\/\/seemer-fastnachtsgaudi.de\/\"},{\"@type\":\"ListItem\",\"position\":2,\"name\":\"Kartenvorverkauf\"}]},{\"@type\":\"WebSite\",\"@id\":\"https:\/\/seemer-fastnachtsgaudi.de\/#website\",\"url\":\"https:\/\/seemer-fastnachtsgaudi.de\/\",\"name\":\"See&#039;mer Fastnachtsgaudi\",\"description\":\"Fastnachtsgaudi\",\"publisher\":{\"@id\":\"https:\/\/seemer-fastnachtsgaudi.de\/#organization\"},\"potentialAction\":[{\"@type\":\"SearchAction\",\"target\":{\"@type\":\"EntryPoint\",\"urlTemplate\":\"https:\/\/seemer-fastnachtsgaudi.de\/?s={search_term_string}\"},\"query-input\":{\"@type\":\"PropertyValueSpecification\",\"valueRequired\":true,\"valueName\":\"search_term_string\"}}],\"inLanguage\":\"de\"},{\"@type\":\"Organization\",\"@id\":\"https:\/\/seemer-fastnachtsgaudi.de\/#organization\",\"name\":\"Seemer Fastnachtsgaudi\",\"url\":\"https:\/\/seemer-fastnachtsgaudi.de\/\",\"logo\":{\"@type\":\"ImageObject\",\"inLanguage\":\"de\",\"@id\":\"https:\/\/seemer-fastnachtsgaudi.de\/#\/schema\/logo\/image\/\",\"url\":\"https:\/\/seemer-fastnachtsgaudi.de\/wp-content\/uploads\/2019\/02\/sfg-logo1.gif\",\"contentUrl\":\"https:\/\/seemer-fastnachtsgaudi.de\/wp-content\/uploads\/2019\/02\/sfg-logo1.gif\",\"width\":170,\"height\":170,\"caption\":\"Seemer Fastnachtsgaudi\"},\"image\":{\"@id\":\"https:\/\/seemer-fastnachtsgaudi.de\/#\/schema\/logo\/image\/\"}}]}<\/script>\n<!-- \/ Yoast SEO plugin. -->","yoast_head_json":{"title":"Kartenvorverkauf - See&#039;mer Fastnachtsgaudi","robots":{"index":"index","follow":"follow","max-snippet":"max-snippet:-1","max-image-preview":"max-image-preview:large","max-video-preview":"max-video-preview:-1"},"canonical":"https:\/\/seemer-fastnachtsgaudi.de\/?page_id=2189","og_locale":"de_DE","og_type":"article","og_title":"Kartenvorverkauf - See&#039;mer Fastnachtsgaudi","og_url":"https:\/\/seemer-fastnachtsgaudi.de\/?page_id=2189","og_site_name":"See&#039;mer Fastnachtsgaudi","article_modified_time":"2025-10-15T13:19:26+00:00","og_image":[{"url":"http:\/\/seemer-fastnachtsgaudi.de\/wp-content\/uploads\/2025\/10\/QRCodeKVV2026.jpg"}],"twitter_card":"summary_large_image","twitter_misc":{"Gesch\u00e4tzte Lesezeit":"3\u00a0Minuten"},"schema":{"@context":"https:\/\/schema.org","@graph":[{"@type":"WebPage","@id":"https:\/\/seemer-fastnachtsgaudi.de\/?page_id=2189","url":"https:\/\/seemer-fastnachtsgaudi.de\/?page_id=2189","name":"Kartenvorverkauf - See&#039;mer Fastnachtsgaudi","isPartOf":{"@id":"https:\/\/seemer-fastnachtsgaudi.de\/#website"},"primaryImageOfPage":{"@id":"https:\/\/seemer-fastnachtsgaudi.de\/?page_id=2189#primaryimage"},"image":{"@id":"https:\/\/seemer-fastnachtsgaudi.de\/?page_id=2189#primaryimage"},"thumbnailUrl":"http:\/\/seemer-fastnachtsgaudi.de\/wp-content\/uploads\/2025\/10\/QRCodeKVV2026.jpg","datePublished":"2024-07-19T15:31:23+00:00","dateModified":"2025-10-15T13:19:26+00:00","breadcrumb":{"@id":"https:\/\/seemer-fastnachtsgaudi.de\/?page_id=2189#breadcrumb"},"inLanguage":"de","potentialAction":[{"@type":"ReadAction","target":["https:\/\/seemer-fastnachtsgaudi.de\/?page_id=2189"]}]},{"@type":"ImageObject","inLanguage":"de","@id":"https:\/\/seemer-fastnachtsgaudi.de\/?page_id=2189#primaryimage","url":"https:\/\/seemer-fastnachtsgaudi.de\/wp-content\/uploads\/2025\/10\/QRCodeKVV2026.jpg","contentUrl":"https:\/\/seemer-fastnachtsgaudi.de\/wp-content\/uploads\/2025\/10\/QRCodeKVV2026.jpg","width":271,"height":257},{"@type":"BreadcrumbList","@id":"https:\/\/seemer-fastnachtsgaudi.de\/?page_id=2189#breadcrumb","itemListElement":[{"@type":"ListItem","position":1,"name":"Startseite","item":"https:\/\/seemer-fastnachtsgaudi.de\/"},{"@type":"ListItem","position":2,"name":"Kartenvorverkauf"}]},{"@type":"WebSite","@id":"https:\/\/seemer-fastnachtsgaudi.de\/#website","url":"https:\/\/seemer-fastnachtsgaudi.de\/","name":"See&#039;mer Fastnachtsgaudi","description":"Fastnachtsgaudi","publisher":{"@id":"https:\/\/seemer-fastnachtsgaudi.de\/#organization"},"potentialAction":[{"@type":"SearchAction","target":{"@type":"EntryPoint","urlTemplate":"https:\/\/seemer-fastnachtsgaudi.de\/?s={search_term_string}"},"query-input":{"@type":"PropertyValueSpecification","valueRequired":true,"valueName":"search_term_string"}}],"inLanguage":"de"},{"@type":"Organization","@id":"https:\/\/seemer-fastnachtsgaudi.de\/#organization","name":"Seemer Fastnachtsgaudi","url":"https:\/\/seemer-fastnachtsgaudi.de\/","logo":{"@type":"ImageObject","inLanguage":"de","@id":"https:\/\/seemer-fastnachtsgaudi.de\/#\/schema\/logo\/image\/","url":"https:\/\/seemer-fastnachtsgaudi.de\/wp-content\/uploads\/2019\/02\/sfg-logo1.gif","contentUrl":"https:\/\/seemer-fastnachtsgaudi.de\/wp-content\/uploads\/2019\/02\/sfg-logo1.gif","width":170,"height":170,"caption":"Seemer Fastnachtsgaudi"},"image":{"@id":"https:\/\/seemer-fastnachtsgaudi.de\/#\/schema\/logo\/image\/"}}]}},"_links":{"self":[{"href":"https:\/\/seemer-fastnachtsgaudi.de\/index.php?rest_route=\/wp\/v2\/pages\/2189"}],"collection":[{"href":"https:\/\/seemer-fastnachtsgaudi.de\/index.php?rest_route=\/wp\/v2\/pages"}],"about":[{"href":"https:\/\/seemer-fastnachtsgaudi.de\/index.php?rest_route=\/wp\/v2\/types\/page"}],"author":[{"embeddable":true,"href":"https:\/\/seemer-fastnachtsgaudi.de\/index.php?rest_route=\/wp\/v2\/users\/2"}],"replies":[{"embeddable":true,"href":"https:\/\/seemer-fastnachtsgaudi.de\/index.php?rest_route=%2Fwp%2Fv2%2Fcomments&post=2189"}],"version-history":[{"count":30,"href":"https:\/\/seemer-fastnachtsgaudi.de\/index.php?rest_route=\/wp\/v2\/pages\/2189\/revisions"}],"predecessor-version":[{"id":2267,"href":"https:\/\/seemer-fastnachtsgaudi.de\/index.php?rest_route=\/wp\/v2\/pages\/2189\/revisions\/2267"}],"wp:attachment":[{"href":"https:\/\/seemer-fastnachtsgaudi.de\/index.php?rest_route=%2Fwp%2Fv2%2Fmedia&parent=2189"}],"curies":[{"name":"wp","href":"https:\/\/api.w.org\/{rel}","templated":true}]}}