{"id":993,"date":"2019-02-23T10:14:00","date_gmt":"2019-02-23T10:14:00","guid":{"rendered":"http:\/\/seemer-fastnachtsgaudi.de\/?page_id=993"},"modified":"2023-02-04T10:45:07","modified_gmt":"2023-02-04T10:45:07","slug":"geschichte","status":"publish","type":"page","link":"https:\/\/seemer-fastnachtsgaudi.de\/?page_id=993","title":{"rendered":"Geschichte"},"content":{"rendered":"<div class=\"fusion-fullwidth fullwidth-box fusion-builder-row-1 nonhundred-percent-fullwidth non-hundred-percent-height-scrolling\" style=\"--awb-border-radius-top-left:0px;--awb-border-radius-top-right:0px;--awb-border-radius-bottom-right:0px;--awb-border-radius-bottom-left:0px;--awb-flex-wrap:wrap;\" ><div class=\"fusion-builder-row fusion-row\"><div class=\"fusion-layout-column fusion_builder_column fusion-builder-column-0 fusion_builder_column_1_1 1_1 fusion-one-full fusion-column-first fusion-column-last\" style=\"--awb-bg-size:cover;\"><div class=\"fusion-column-wrapper fusion-flex-column-wrapper-legacy\"><div class=\"fusion-text fusion-text-1\" style=\"--awb-text-transform:none;\"><p><div class=\"fusion-image-element fusion-image-align-left in-legacy-container\" style=\"text-align:left;--awb-caption-title-font-family:var(--h2_typography-font-family);--awb-caption-title-font-weight:var(--h2_typography-font-weight);--awb-caption-title-font-style:var(--h2_typography-font-style);--awb-caption-title-size:var(--h2_typography-font-size);--awb-caption-title-transform:var(--h2_typography-text-transform);--awb-caption-title-line-height:var(--h2_typography-line-height);--awb-caption-title-letter-spacing:var(--h2_typography-letter-spacing);\"><span class=\" fusion-imageframe imageframe-dropshadow imageframe-1 hover-type-zoomin\" style=\"border:2px solid #ff8a00;-webkit-box-shadow: 3px 3px 7px rgba(0,0,0,0.3);box-shadow: 3px 3px 7px rgba(0,0,0,0.3);margin-right:25px;float:left;\"><img decoding=\"async\" width=\"409\" height=\"461\" title=\"Gr\u00fcndung SFG\" src=\"http:\/\/seemer-fastnachtsgaudi.de\/wp-content\/uploads\/2019\/02\/news_2004-2.jpg\" alt class=\"img-responsive wp-image-945\" srcset=\"https:\/\/seemer-fastnachtsgaudi.de\/wp-content\/uploads\/2019\/02\/news_2004-2-200x225.jpg 200w, https:\/\/seemer-fastnachtsgaudi.de\/wp-content\/uploads\/2019\/02\/news_2004-2-400x451.jpg 400w, https:\/\/seemer-fastnachtsgaudi.de\/wp-content\/uploads\/2019\/02\/news_2004-2.jpg 409w\" sizes=\"(max-width: 1120px) 100vw, 409px\" \/><\/span><\/div>Schon vor der Gr\u00fcndung der See\u2019mer Fastnachtsgaudi e.V. am 14.01.2003 wurde sich in der Sport- und Kulturhalle in Seeheim-Jugenheim einmal im Jahr kr\u00e4ftig verkleidet und unter unterschiedlichen Mottos Fastnacht gefeiert. In Zusammenarbeit der unterschiedlichen Vereine, wie M\u00e4nnergesangsverein oder Spielvereinigung Seeheim-Jugenheim wurde eine Veranstaltung organisiert, die von den \u201eSee\u2019mern\u201c gern besucht wurde. Nach einigen gelungenen Veranstaltungen beschlossen die Vereine eine Interessensgemeinschaft Fastnacht (\u201eIG Fastnacht\u201c) zu bilden, um die F\u00fcnfte Jahreszeit auch weiterhin ausgelassen feiern zu k\u00f6nnen.<br \/>\nSo sorgte das Organisationsteam auch damals schon f\u00fcr eine tolle Stimmung auf und vor der B\u00fchne.<br \/>\nDa das Tanzen zu einer Fastnachtsveranstaltung einfach dazugeh\u00f6rt, probte die damals noch zum M\u00e4nnergesangsverein zugeh\u00f6rige Tanzgruppe \u201eDance&amp;Fun\u201c bereits ein halbes Jahr vor Veranstaltungsbeginn f\u00fcr ihren Auftritt.<br \/>\nAufgrund der immer wieder wechselnden Zust\u00e4ndigkeiten innerhalb der einzelnen Vereine der IG Fastnacht kam es immer wieder zu Schwierigkeiten bei der Planung und Organisation der Veranstaltung. So fiel im Jahr 1996 die Fastnacht sogar einmal komplett aus. Dies wollten die See\u2019mer auf keinen Fall noch einmal zulassen und gr\u00fcndeten den Verein \u201eSee\u2019mer Fastnachtsgaudi e.V.\u201c mit Thorsten Alf als ersten 1. Vorsitzenden.<br \/>\nAus der Interessensgemeinschaft Fastnacht wurde somit die See\u2019mer Fastnachtsgaudi e.V.<\/p>\n<\/div><div class=\"fusion-text fusion-text-2\"><p><div class=\"fusion-image-element fusion-image-align-right in-legacy-container\" style=\"text-align:right;--awb-caption-title-font-family:var(--h2_typography-font-family);--awb-caption-title-font-weight:var(--h2_typography-font-weight);--awb-caption-title-font-style:var(--h2_typography-font-style);--awb-caption-title-size:var(--h2_typography-font-size);--awb-caption-title-transform:var(--h2_typography-text-transform);--awb-caption-title-line-height:var(--h2_typography-line-height);--awb-caption-title-letter-spacing:var(--h2_typography-letter-spacing);\"><span class=\" fusion-imageframe imageframe-dropshadow imageframe-2 hover-type-zoomin\" style=\"border:2px solid #ff8a00;-webkit-box-shadow: 3px 3px 7px rgba(0,0,0,0.3);box-shadow: 3px 3px 7px rgba(0,0,0,0.3);margin-left:25px;float:right;\"><img decoding=\"async\" width=\"279\" height=\"747\" title=\"Narrenkoepfe\" src=\"http:\/\/seemer-fastnachtsgaudi.de\/wp-content\/uploads\/2019\/02\/Narrenkoepfe.jpg\" alt class=\"img-responsive wp-image-948\" srcset=\"https:\/\/seemer-fastnachtsgaudi.de\/wp-content\/uploads\/2019\/02\/Narrenkoepfe-200x535.jpg 200w, https:\/\/seemer-fastnachtsgaudi.de\/wp-content\/uploads\/2019\/02\/Narrenkoepfe.jpg 279w\" sizes=\"(max-width: 1120px) 100vw, 279px\" \/><\/span><\/div>Da die Gruppenleiter und Tanzlehrer der Tanzgruppe \u201eDance&amp;Fun\u201c Claudia Birkenhauer und Manuela \u00a0Hoss (ehemals Schultes) stark innerhalb der SFG involviert waren, wechselte die Tanzgruppe \u201e<em>Dance&amp;Fun<\/em>\u201c zur SFG.<br \/>\nSchnell bemerkte man das Potential der Tanzgruppe und entdeckte auch die hohe Nachfrage an einer Kindertanzgruppe. So wurde der Nachwuchs bereits in den Verein integriert und die Tanzgruppe \u201e<em>Lollipops<\/em>\u201c entstand. Mit der Zeit machte der zunehmend gr\u00f6\u00dfer werdende Altersunterschied nicht nur den TrainerInnen zu schaffen, auch innerhalb der Gruppe fehlte es den \u201eGr\u00f6\u00dferen\u201c an Herausforderungen, f\u00fcr die die \u201eKleinen\u201c in ihren Entwicklungsstufen noch nicht bereit waren. So entstand die Tanzgruppe \u201e<em>Powergirls<\/em>\u201c f\u00fcr die 13 bis 17 J\u00e4hrigen.<br \/>\nDie Tanzgruppe der \u201e<em>Lollipops<\/em>\u201c war aber nun immer noch zu gro\u00df und auch der Altersunterschied war trotzdem noch vorhanden. Man wollte die Kinder noch besser f\u00f6rdern und fordern und entschied sich auch den \u201eganz Kleinen\u201c die M\u00f6glichkeit zu geben, bei der Fastnacht mitzuwirken. Die \u201e<em>MiniStars<\/em>\u201c im Alter zwischen 3 und 7 Jahren begeistern seitdem die Herzen des Publikums.<br \/>\nWas w\u00e4re eine Fastnachtsveranstaltung ohne eine Garde?<br \/>\nDas dachte sich auch die SFG 2014 und machte die Garde \u201e<em>DancePower<\/em>\u201c zu einem festen und hochangesehenen Teil des Vereins. 2016 durften sich die \u201eGardem\u00e4dels\u201c im Alter von 14 \u2013 \u00dc30 sogar \u00fcber ma\u00dfgeschneiderte Kost\u00fcme freuen.<br \/>\nAber auch die M\u00e4nner durften nicht vergessen werden. Mit der Einf\u00fchrung des M\u00e4nnerballetts \u201e<em>Ballett La El\u00e9gance<\/em>\u201c war ein Verein f\u00fcr die komplette Familie geschaffen, in dem sich jeder beteiligen konnte. Zu guter Letzt darf aber auch der M\u00e4nnernachwuchs nicht fehlen und die Jungstanzgruppe \u201e<em>BoyzStyle<\/em>\u201c entstand.<\/p>\n<p>So entwickelte die SFG ihre heutige Struktur und die Fastnacht in der Sport- und Kulturhalle in Seeheim gewann an Kultstatus.<\/p>\n<p>Mit der Sperrung der Seeheimer Sport- und Kulturhalle im November 2016 galt es, eine weitere H\u00fcrde zu meistern und ein Wechsel an einen neuen Veranstaltungsort war von N\u00f6ten. So fand die erste Fastnachtssitzung am 25.02.2017, zwar nicht erstmalig, aber dennoch seit langer Zeit einmal wieder in der B\u00fcrgerhalle in Jugenheim statt.<br \/>\nSowohl unsere G\u00e4ste als auch unsere Trainerinnen und Trainer wurden mit der pl\u00f6tzlichen Sperrung der Halle vor neue Herausforderungen im Hinblick auf die baldige Veranstaltung gestellt. Als die Nachricht der Sperrung eintraf waren die T\u00e4nze und Auftritte schon fest geplant, jeder hatte seinen Platz auf der B\u00fchne bereits inne. So musste die neue B\u00fchne ausgemessen und umfunktioniert werden. Das B\u00fchnenbild wurde angepasst.<br \/>\nEbenso mussten Technik, Beleuchtung, Musik und Hallendekoration an die neue B\u00fchnengr\u00f6\u00dfe und somit an die neuen Gegebenheiten angepasst werden.<\/p>\n<\/div><div class=\"fusion-text fusion-text-3\"><p style=\"text-align: left;\"><div class=\"fusion-image-element fusion-image-align-left in-legacy-container\" style=\"text-align:left;--awb-caption-title-font-family:var(--h2_typography-font-family);--awb-caption-title-font-weight:var(--h2_typography-font-weight);--awb-caption-title-font-style:var(--h2_typography-font-style);--awb-caption-title-size:var(--h2_typography-font-size);--awb-caption-title-transform:var(--h2_typography-text-transform);--awb-caption-title-line-height:var(--h2_typography-line-height);--awb-caption-title-letter-spacing:var(--h2_typography-letter-spacing);\"><span class=\" fusion-imageframe imageframe-dropshadow imageframe-3 hover-type-zoomin\" style=\"border:2px solid #ff8a00;-webkit-box-shadow: 3px 3px 7px rgba(0,0,0,0.3);box-shadow: 3px 3px 7px rgba(0,0,0,0.3);margin-right:25px;float:left;\"><img decoding=\"async\" width=\"262\" height=\"228\" title=\"Erste Verantaltung 2004\" src=\"http:\/\/seemer-fastnachtsgaudi.de\/wp-content\/uploads\/2019\/02\/news_2004-3.jpg\" alt class=\"img-responsive wp-image-953\" srcset=\"https:\/\/seemer-fastnachtsgaudi.de\/wp-content\/uploads\/2019\/02\/news_2004-3-200x174.jpg 200w, https:\/\/seemer-fastnachtsgaudi.de\/wp-content\/uploads\/2019\/02\/news_2004-3.jpg 262w\" sizes=\"(max-width: 1120px) 100vw, 262px\" \/><\/span><\/div>Seit dem 25.02.2017 werden nun in der B\u00fcrgerhalle Jugenheim die Ballons aufgeblasen, Luftschlangen durch die Luft geworfen und das Tanzbein geschwungen.<br \/>\nSeit 2018 veranstaltet die SFG auch die \u00dc30-Party in Malchen und f\u00fchrt hiermit die Tradition der Malchner Feuerwehr weiter. Au\u00dferdem beteiligt sie sich mit einem Waffel- und Schminkstand am Seeheimer Fr\u00fchjahrs- und Martinsmarkt, unterst\u00fctzt mit Kuchenverkauf beim Nikolausturnen des TV Seeheims und richtet jedes Jahr einen Tanzworkshop mit professionellen Trainern aus.<\/p>\n<\/div><div class=\"fusion-alignright\"><a class=\"fusion-button button-flat fusion-button-default-size button-custom fusion-button-default button-1 fusion-button-span-no fusion-button-default-type\" style=\"--button_accent_color:#ffffff;--button_accent_hover_color:#ff8a00;--button_border_hover_color:#ff8a00;--button_gradient_top_color:rgba(255,255,255,0);--button_gradient_bottom_color:rgba(255,255,255,0);--button_gradient_top_color_hover:rgba(255,255,255,.05);--button_gradient_bottom_color_hover:rgba(255,255,255,.05);\" target=\"_self\" href=\"https:\/\/seemer-fastnachtsgaudi.de\/?page_id=913\"><span class=\"fusion-button-text\">Zur\u00fcck<\/span><\/a><\/div>\n<div class=\"fusion-clearfix\"><\/div><\/div><\/div><\/div><\/div>\n","protected":false},"excerpt":{"rendered":"","protected":false},"author":1,"featured_media":0,"parent":0,"menu_order":0,"comment_status":"closed","ping_status":"closed","template":"","meta":{"_acf_changed":false,"footnotes":""},"class_list":["post-993","page","type-page","status-publish","hentry"],"acf":[],"yoast_head":"<!-- This site is optimized with the Yoast SEO plugin v23.5 - https:\/\/yoast.com\/wordpress\/plugins\/seo\/ -->\n<title>Geschichte - See&#039;mer Fastnachtsgaudi<\/title>\n<meta name=\"robots\" content=\"index, follow, max-snippet:-1, max-image-preview:large, max-video-preview:-1\" \/>\n<link rel=\"canonical\" href=\"https:\/\/seemer-fastnachtsgaudi.de\/?page_id=993\" \/>\n<meta property=\"og:locale\" content=\"de_DE\" \/>\n<meta property=\"og:type\" content=\"article\" \/>\n<meta property=\"og:title\" content=\"Geschichte - See&#039;mer Fastnachtsgaudi\" \/>\n<meta property=\"og:url\" content=\"https:\/\/seemer-fastnachtsgaudi.de\/?page_id=993\" \/>\n<meta property=\"og:site_name\" content=\"See&#039;mer Fastnachtsgaudi\" \/>\n<meta property=\"article:modified_time\" content=\"2023-02-04T10:45:07+00:00\" \/>\n<meta name=\"twitter:card\" content=\"summary_large_image\" \/>\n<meta name=\"twitter:label1\" content=\"Gesch\u00e4tzte Lesezeit\" \/>\n\t<meta name=\"twitter:data1\" content=\"5\u00a0Minuten\" \/>\n<script type=\"application\/ld+json\" class=\"yoast-schema-graph\">{\"@context\":\"https:\/\/schema.org\",\"@graph\":[{\"@type\":\"WebPage\",\"@id\":\"https:\/\/seemer-fastnachtsgaudi.de\/?page_id=993\",\"url\":\"https:\/\/seemer-fastnachtsgaudi.de\/?page_id=993\",\"name\":\"Geschichte - See&#039;mer Fastnachtsgaudi\",\"isPartOf\":{\"@id\":\"https:\/\/seemer-fastnachtsgaudi.de\/#website\"},\"datePublished\":\"2019-02-23T10:14:00+00:00\",\"dateModified\":\"2023-02-04T10:45:07+00:00\",\"breadcrumb\":{\"@id\":\"https:\/\/seemer-fastnachtsgaudi.de\/?page_id=993#breadcrumb\"},\"inLanguage\":\"de\",\"potentialAction\":[{\"@type\":\"ReadAction\",\"target\":[\"https:\/\/seemer-fastnachtsgaudi.de\/?page_id=993\"]}]},{\"@type\":\"BreadcrumbList\",\"@id\":\"https:\/\/seemer-fastnachtsgaudi.de\/?page_id=993#breadcrumb\",\"itemListElement\":[{\"@type\":\"ListItem\",\"position\":1,\"name\":\"Startseite\",\"item\":\"https:\/\/seemer-fastnachtsgaudi.de\/\"},{\"@type\":\"ListItem\",\"position\":2,\"name\":\"Geschichte\"}]},{\"@type\":\"WebSite\",\"@id\":\"https:\/\/seemer-fastnachtsgaudi.de\/#website\",\"url\":\"https:\/\/seemer-fastnachtsgaudi.de\/\",\"name\":\"See&#039;mer Fastnachtsgaudi\",\"description\":\"Fastnachtsgaudi\",\"publisher\":{\"@id\":\"https:\/\/seemer-fastnachtsgaudi.de\/#organization\"},\"potentialAction\":[{\"@type\":\"SearchAction\",\"target\":{\"@type\":\"EntryPoint\",\"urlTemplate\":\"https:\/\/seemer-fastnachtsgaudi.de\/?s={search_term_string}\"},\"query-input\":{\"@type\":\"PropertyValueSpecification\",\"valueRequired\":true,\"valueName\":\"search_term_string\"}}],\"inLanguage\":\"de\"},{\"@type\":\"Organization\",\"@id\":\"https:\/\/seemer-fastnachtsgaudi.de\/#organization\",\"name\":\"Seemer Fastnachtsgaudi\",\"url\":\"https:\/\/seemer-fastnachtsgaudi.de\/\",\"logo\":{\"@type\":\"ImageObject\",\"inLanguage\":\"de\",\"@id\":\"https:\/\/seemer-fastnachtsgaudi.de\/#\/schema\/logo\/image\/\",\"url\":\"https:\/\/seemer-fastnachtsgaudi.de\/wp-content\/uploads\/2019\/02\/sfg-logo1.gif\",\"contentUrl\":\"https:\/\/seemer-fastnachtsgaudi.de\/wp-content\/uploads\/2019\/02\/sfg-logo1.gif\",\"width\":170,\"height\":170,\"caption\":\"Seemer Fastnachtsgaudi\"},\"image\":{\"@id\":\"https:\/\/seemer-fastnachtsgaudi.de\/#\/schema\/logo\/image\/\"}}]}<\/script>\n<!-- \/ Yoast SEO plugin. -->","yoast_head_json":{"title":"Geschichte - See&#039;mer Fastnachtsgaudi","robots":{"index":"index","follow":"follow","max-snippet":"max-snippet:-1","max-image-preview":"max-image-preview:large","max-video-preview":"max-video-preview:-1"},"canonical":"https:\/\/seemer-fastnachtsgaudi.de\/?page_id=993","og_locale":"de_DE","og_type":"article","og_title":"Geschichte - See&#039;mer Fastnachtsgaudi","og_url":"https:\/\/seemer-fastnachtsgaudi.de\/?page_id=993","og_site_name":"See&#039;mer Fastnachtsgaudi","article_modified_time":"2023-02-04T10:45:07+00:00","twitter_card":"summary_large_image","twitter_misc":{"Gesch\u00e4tzte Lesezeit":"5\u00a0Minuten"},"schema":{"@context":"https:\/\/schema.org","@graph":[{"@type":"WebPage","@id":"https:\/\/seemer-fastnachtsgaudi.de\/?page_id=993","url":"https:\/\/seemer-fastnachtsgaudi.de\/?page_id=993","name":"Geschichte - See&#039;mer Fastnachtsgaudi","isPartOf":{"@id":"https:\/\/seemer-fastnachtsgaudi.de\/#website"},"datePublished":"2019-02-23T10:14:00+00:00","dateModified":"2023-02-04T10:45:07+00:00","breadcrumb":{"@id":"https:\/\/seemer-fastnachtsgaudi.de\/?page_id=993#breadcrumb"},"inLanguage":"de","potentialAction":[{"@type":"ReadAction","target":["https:\/\/seemer-fastnachtsgaudi.de\/?page_id=993"]}]},{"@type":"BreadcrumbList","@id":"https:\/\/seemer-fastnachtsgaudi.de\/?page_id=993#breadcrumb","itemListElement":[{"@type":"ListItem","position":1,"name":"Startseite","item":"https:\/\/seemer-fastnachtsgaudi.de\/"},{"@type":"ListItem","position":2,"name":"Geschichte"}]},{"@type":"WebSite","@id":"https:\/\/seemer-fastnachtsgaudi.de\/#website","url":"https:\/\/seemer-fastnachtsgaudi.de\/","name":"See&#039;mer Fastnachtsgaudi","description":"Fastnachtsgaudi","publisher":{"@id":"https:\/\/seemer-fastnachtsgaudi.de\/#organization"},"potentialAction":[{"@type":"SearchAction","target":{"@type":"EntryPoint","urlTemplate":"https:\/\/seemer-fastnachtsgaudi.de\/?s={search_term_string}"},"query-input":{"@type":"PropertyValueSpecification","valueRequired":true,"valueName":"search_term_string"}}],"inLanguage":"de"},{"@type":"Organization","@id":"https:\/\/seemer-fastnachtsgaudi.de\/#organization","name":"Seemer Fastnachtsgaudi","url":"https:\/\/seemer-fastnachtsgaudi.de\/","logo":{"@type":"ImageObject","inLanguage":"de","@id":"https:\/\/seemer-fastnachtsgaudi.de\/#\/schema\/logo\/image\/","url":"https:\/\/seemer-fastnachtsgaudi.de\/wp-content\/uploads\/2019\/02\/sfg-logo1.gif","contentUrl":"https:\/\/seemer-fastnachtsgaudi.de\/wp-content\/uploads\/2019\/02\/sfg-logo1.gif","width":170,"height":170,"caption":"Seemer Fastnachtsgaudi"},"image":{"@id":"https:\/\/seemer-fastnachtsgaudi.de\/#\/schema\/logo\/image\/"}}]}},"_links":{"self":[{"href":"https:\/\/seemer-fastnachtsgaudi.de\/index.php?rest_route=\/wp\/v2\/pages\/993"}],"collection":[{"href":"https:\/\/seemer-fastnachtsgaudi.de\/index.php?rest_route=\/wp\/v2\/pages"}],"about":[{"href":"https:\/\/seemer-fastnachtsgaudi.de\/index.php?rest_route=\/wp\/v2\/types\/page"}],"author":[{"embeddable":true,"href":"https:\/\/seemer-fastnachtsgaudi.de\/index.php?rest_route=\/wp\/v2\/users\/1"}],"replies":[{"embeddable":true,"href":"https:\/\/seemer-fastnachtsgaudi.de\/index.php?rest_route=%2Fwp%2Fv2%2Fcomments&post=993"}],"version-history":[{"count":21,"href":"https:\/\/seemer-fastnachtsgaudi.de\/index.php?rest_route=\/wp\/v2\/pages\/993\/revisions"}],"predecessor-version":[{"id":1814,"href":"https:\/\/seemer-fastnachtsgaudi.de\/index.php?rest_route=\/wp\/v2\/pages\/993\/revisions\/1814"}],"wp:attachment":[{"href":"https:\/\/seemer-fastnachtsgaudi.de\/index.php?rest_route=%2Fwp%2Fv2%2Fmedia&parent=993"}],"curies":[{"name":"wp","href":"https:\/\/api.w.org\/{rel}","templated":true}]}}